{"id":946,"date":"2024-12-10T15:37:46","date_gmt":"2024-12-10T18:37:46","guid":{"rendered":"https:\/\/veloplast.com.br\/?page_id=946"},"modified":"2024-12-10T17:24:57","modified_gmt":"2024-12-10T20:24:57","slug":"pallets-de-contencao","status":"publish","type":"page","link":"https:\/\/veloplast.com.br\/index.php\/pallets-de-contencao\/","title":{"rendered":"Pallets de Conten\u00e7\u00e3o"},"content":{"rendered":"\t\t<div data-elementor-type=\"wp-page\" data-elementor-id=\"946\" class=\"elementor elementor-946\">\n\t\t\t\t<div class=\"elementor-element elementor-element-1fe7503 e-grid e-con-boxed e-con e-parent\" data-id=\"1fe7503\" data-element_type=\"container\">\n\t\t\t\t\t<div class=\"e-con-inner\">\n\t\t\t\t<div class=\"elementor-element elementor-element-4fc2ecd elementor-widget elementor-widget-spacer\" data-id=\"4fc2ecd\" data-element_type=\"widget\" data-widget_type=\"spacer.default\">\n\t\t\t\t<div class=\"elementor-widget-container\">\n\t\t\t\t\t\t\t<div class=\"elementor-spacer\">\n\t\t\t<div class=\"elementor-spacer-inner\"><\/div>\n\t\t<\/div>\n\t\t\t\t\t\t<\/div>\n\t\t\t\t<\/div>\n\t\t\t\t\t<\/div>\n\t\t\t\t<\/div>\n\t\t<div class=\"elementor-element elementor-element-adcad36 e-grid e-con-boxed e-con e-parent\" data-id=\"adcad36\" data-element_type=\"container\">\n\t\t\t\t\t<div class=\"e-con-inner\">\n\t\t\t\t<div class=\"elementor-element elementor-element-00ab804 elementor-widget elementor-widget-image\" data-id=\"00ab804\" data-element_type=\"widget\" data-widget_type=\"image.default\">\n\t\t\t\t<div class=\"elementor-widget-container\">\n\t\t\t\t\t\t\t\t\t\t\t\t<figure class=\"wp-caption\">\n\t\t\t\t\t\t\t\t\t\t\t<a href=\"https:\/\/veloplast.com.br\/index.php\/produto\/pallet-contencao-1-tambor\/\">\n\t\t\t\t\t\t\t<img fetchpriority=\"high\" decoding=\"async\" width=\"499\" height=\"500\" src=\"https:\/\/veloplast.com.br\/wp-content\/uploads\/2023\/09\/1.png\" class=\"attachment-large size-large wp-image-700\" alt=\"Pallet Conten\u00e7\u00e3o 1 tambor\" srcset=\"https:\/\/veloplast.com.br\/wp-content\/uploads\/2023\/09\/1.png 499w, https:\/\/veloplast.com.br\/wp-content\/uploads\/2023\/09\/1-300x300.png 300w, https:\/\/veloplast.com.br\/wp-content\/uploads\/2023\/09\/1-150x150.png 150w, https:\/\/veloplast.com.br\/wp-content\/uploads\/2023\/09\/1-100x100.png 100w\" sizes=\"(max-width: 499px) 100vw, 499px\" \/>\t\t\t\t\t\t\t\t<\/a>\n\t\t\t\t\t\t\t\t\t\t\t<figcaption class=\"widget-image-caption wp-caption-text\">Pallet Conten\u00e7\u00e3o 1 Tambor<\/figcaption>\n\t\t\t\t\t\t\t\t\t\t<\/figure>\n\t\t\t\t\t\t\t\t\t<\/div>\n\t\t\t\t<\/div>\n\t\t\t\t<div class=\"elementor-element elementor-element-c2bdecc elementor-widget elementor-widget-image\" data-id=\"c2bdecc\" data-element_type=\"widget\" data-widget_type=\"image.default\">\n\t\t\t\t<div class=\"elementor-widget-container\">\n\t\t\t\t\t\t\t\t\t\t\t\t<figure class=\"wp-caption\">\n\t\t\t\t\t\t\t\t\t\t\t<a href=\"https:\/\/veloplast.com.br\/index.php\/produto\/pallet-contencao-2-tambores-baixo\/\">\n\t\t\t\t\t\t\t<img decoding=\"async\" width=\"500\" height=\"500\" src=\"https:\/\/veloplast.com.br\/wp-content\/uploads\/2023\/09\/1-2.png\" class=\"attachment-large size-large wp-image-705\" alt=\"\" srcset=\"https:\/\/veloplast.com.br\/wp-content\/uploads\/2023\/09\/1-2.png 500w, https:\/\/veloplast.com.br\/wp-content\/uploads\/2023\/09\/1-2-300x300.png 300w, https:\/\/veloplast.com.br\/wp-content\/uploads\/2023\/09\/1-2-150x150.png 150w, https:\/\/veloplast.com.br\/wp-content\/uploads\/2023\/09\/1-2-100x100.png 100w\" sizes=\"(max-width: 500px) 100vw, 500px\" \/>\t\t\t\t\t\t\t\t<\/a>\n\t\t\t\t\t\t\t\t\t\t\t<figcaption class=\"widget-image-caption wp-caption-text\">Pallet Conten\u00e7\u00e3o 2 Tambores Baixo<\/figcaption>\n\t\t\t\t\t\t\t\t\t\t<\/figure>\n\t\t\t\t\t\t\t\t\t<\/div>\n\t\t\t\t<\/div>\n\t\t\t\t<div class=\"elementor-element elementor-element-eabf5ee elementor-widget elementor-widget-image\" data-id=\"eabf5ee\" data-element_type=\"widget\" data-widget_type=\"image.default\">\n\t\t\t\t<div class=\"elementor-widget-container\">\n\t\t\t\t\t\t\t\t\t\t\t\t<figure class=\"wp-caption\">\n\t\t\t\t\t\t\t\t\t\t\t<a href=\"https:\/\/veloplast.com.br\/index.php\/produto\/pallet-contencao-2-tambores-medio\/\">\n\t\t\t\t\t\t\t<img decoding=\"async\" width=\"500\" height=\"500\" src=\"https:\/\/veloplast.com.br\/wp-content\/uploads\/2023\/09\/1-3.png\" class=\"attachment-large size-large wp-image-708\" alt=\"\" srcset=\"https:\/\/veloplast.com.br\/wp-content\/uploads\/2023\/09\/1-3.png 500w, https:\/\/veloplast.com.br\/wp-content\/uploads\/2023\/09\/1-3-300x300.png 300w, https:\/\/veloplast.com.br\/wp-content\/uploads\/2023\/09\/1-3-150x150.png 150w, https:\/\/veloplast.com.br\/wp-content\/uploads\/2023\/09\/1-3-100x100.png 100w\" sizes=\"(max-width: 500px) 100vw, 500px\" \/>\t\t\t\t\t\t\t\t<\/a>\n\t\t\t\t\t\t\t\t\t\t\t<figcaption class=\"widget-image-caption wp-caption-text\">Pallet Conten\u00e7\u00e3o 2 Tambores M\u00e9dio<\/figcaption>\n\t\t\t\t\t\t\t\t\t\t<\/figure>\n\t\t\t\t\t\t\t\t\t<\/div>\n\t\t\t\t<\/div>\n\t\t\t\t<div class=\"elementor-element elementor-element-97cb9bb elementor-widget elementor-widget-image\" data-id=\"97cb9bb\" data-element_type=\"widget\" data-widget_type=\"image.default\">\n\t\t\t\t<div class=\"elementor-widget-container\">\n\t\t\t\t\t\t\t\t\t\t\t\t<figure class=\"wp-caption\">\n\t\t\t\t\t\t\t\t\t\t\t<a href=\"https:\/\/veloplast.com.br\/index.php\/produto\/pallet-contencao-2-tambores-alto\/\">\n\t\t\t\t\t\t\t<img loading=\"lazy\" decoding=\"async\" width=\"500\" height=\"500\" src=\"https:\/\/veloplast.com.br\/wp-content\/uploads\/2023\/09\/1-1.png\" class=\"attachment-large size-large wp-image-702\" alt=\"\" srcset=\"https:\/\/veloplast.com.br\/wp-content\/uploads\/2023\/09\/1-1.png 500w, https:\/\/veloplast.com.br\/wp-content\/uploads\/2023\/09\/1-1-300x300.png 300w, https:\/\/veloplast.com.br\/wp-content\/uploads\/2023\/09\/1-1-150x150.png 150w, https:\/\/veloplast.com.br\/wp-content\/uploads\/2023\/09\/1-1-100x100.png 100w\" sizes=\"(max-width: 500px) 100vw, 500px\" \/>\t\t\t\t\t\t\t\t<\/a>\n\t\t\t\t\t\t\t\t\t\t\t<figcaption class=\"widget-image-caption wp-caption-text\">Pallet Conten\u00e7\u00e3o 2 Tambores Alto<\/figcaption>\n\t\t\t\t\t\t\t\t\t\t<\/figure>\n\t\t\t\t\t\t\t\t\t<\/div>\n\t\t\t\t<\/div>\n\t\t\t\t<div class=\"elementor-element elementor-element-6013e34 elementor-widget elementor-widget-image\" data-id=\"6013e34\" data-element_type=\"widget\" data-widget_type=\"image.default\">\n\t\t\t\t<div class=\"elementor-widget-container\">\n\t\t\t\t\t\t\t\t\t\t\t\t<figure class=\"wp-caption\">\n\t\t\t\t\t\t\t\t\t\t\t<a href=\"https:\/\/veloplast.com.br\/index.php\/produto\/pallet-contencao-4-tambores-baixo\/\">\n\t\t\t\t\t\t\t<img loading=\"lazy\" decoding=\"async\" width=\"500\" height=\"500\" src=\"https:\/\/veloplast.com.br\/wp-content\/uploads\/2023\/09\/1-5.png\" class=\"attachment-large size-large wp-image-714\" alt=\"\" srcset=\"https:\/\/veloplast.com.br\/wp-content\/uploads\/2023\/09\/1-5.png 500w, https:\/\/veloplast.com.br\/wp-content\/uploads\/2023\/09\/1-5-300x300.png 300w, https:\/\/veloplast.com.br\/wp-content\/uploads\/2023\/09\/1-5-150x150.png 150w, https:\/\/veloplast.com.br\/wp-content\/uploads\/2023\/09\/1-5-100x100.png 100w\" sizes=\"(max-width: 500px) 100vw, 500px\" \/>\t\t\t\t\t\t\t\t<\/a>\n\t\t\t\t\t\t\t\t\t\t\t<figcaption class=\"widget-image-caption wp-caption-text\">Pallet Conten\u00e7\u00e3o 4 Tambores Baixo<\/figcaption>\n\t\t\t\t\t\t\t\t\t\t<\/figure>\n\t\t\t\t\t\t\t\t\t<\/div>\n\t\t\t\t<\/div>\n\t\t\t\t<div class=\"elementor-element elementor-element-50194ab elementor-widget elementor-widget-image\" data-id=\"50194ab\" data-element_type=\"widget\" data-widget_type=\"image.default\">\n\t\t\t\t<div class=\"elementor-widget-container\">\n\t\t\t\t\t\t\t\t\t\t\t\t<figure class=\"wp-caption\">\n\t\t\t\t\t\t\t\t\t\t\t<a href=\"https:\/\/veloplast.com.br\/index.php\/produto\/pallet-contencao-4-tambores-medio\/\">\n\t\t\t\t\t\t\t<img loading=\"lazy\" decoding=\"async\" width=\"500\" height=\"500\" src=\"https:\/\/veloplast.com.br\/wp-content\/uploads\/2023\/09\/4-TAMBORES-MEDIO.png\" class=\"attachment-large size-large wp-image-719\" alt=\"\" srcset=\"https:\/\/veloplast.com.br\/wp-content\/uploads\/2023\/09\/4-TAMBORES-MEDIO.png 500w, https:\/\/veloplast.com.br\/wp-content\/uploads\/2023\/09\/4-TAMBORES-MEDIO-300x300.png 300w, https:\/\/veloplast.com.br\/wp-content\/uploads\/2023\/09\/4-TAMBORES-MEDIO-150x150.png 150w, https:\/\/veloplast.com.br\/wp-content\/uploads\/2023\/09\/4-TAMBORES-MEDIO-100x100.png 100w\" sizes=\"(max-width: 500px) 100vw, 500px\" \/>\t\t\t\t\t\t\t\t<\/a>\n\t\t\t\t\t\t\t\t\t\t\t<figcaption class=\"widget-image-caption wp-caption-text\">Pallet Conten\u00e7\u00e3o 4 tambores M\u00e9dio<\/figcaption>\n\t\t\t\t\t\t\t\t\t\t<\/figure>\n\t\t\t\t\t\t\t\t\t<\/div>\n\t\t\t\t<\/div>\n\t\t\t\t<div class=\"elementor-element elementor-element-4ca5f00 elementor-widget elementor-widget-image\" data-id=\"4ca5f00\" data-element_type=\"widget\" data-widget_type=\"image.default\">\n\t\t\t\t<div class=\"elementor-widget-container\">\n\t\t\t\t\t\t\t\t\t\t\t\t<figure class=\"wp-caption\">\n\t\t\t\t\t\t\t\t\t\t\t<a href=\"https:\/\/veloplast.com.br\/index.php\/produto\/pallet-contencao-4-tambores-alto\/\">\n\t\t\t\t\t\t\t<img loading=\"lazy\" decoding=\"async\" width=\"500\" height=\"500\" src=\"https:\/\/veloplast.com.br\/wp-content\/uploads\/2023\/09\/1-4.png\" class=\"attachment-large size-large wp-image-711\" alt=\"\" srcset=\"https:\/\/veloplast.com.br\/wp-content\/uploads\/2023\/09\/1-4.png 500w, https:\/\/veloplast.com.br\/wp-content\/uploads\/2023\/09\/1-4-300x300.png 300w, https:\/\/veloplast.com.br\/wp-content\/uploads\/2023\/09\/1-4-150x150.png 150w, https:\/\/veloplast.com.br\/wp-content\/uploads\/2023\/09\/1-4-100x100.png 100w\" sizes=\"(max-width: 500px) 100vw, 500px\" \/>\t\t\t\t\t\t\t\t<\/a>\n\t\t\t\t\t\t\t\t\t\t\t<figcaption class=\"widget-image-caption wp-caption-text\">Pallet Conten\u00e7\u00e3o 4 Tambores Alto<\/figcaption>\n\t\t\t\t\t\t\t\t\t\t<\/figure>\n\t\t\t\t\t\t\t\t\t<\/div>\n\t\t\t\t<\/div>\n\t\t\t\t<div class=\"elementor-element elementor-element-fb15d0c elementor-widget elementor-widget-image\" data-id=\"fb15d0c\" data-element_type=\"widget\" data-widget_type=\"image.default\">\n\t\t\t\t<div class=\"elementor-widget-container\">\n\t\t\t\t\t\t\t\t\t\t\t\t<figure class=\"wp-caption\">\n\t\t\t\t\t\t\t\t\t\t\t<a href=\"https:\/\/veloplast.com.br\/index.php\/produto\/pallet-contencao-para-ibc\/\">\n\t\t\t\t\t\t\t<img loading=\"lazy\" decoding=\"async\" width=\"500\" height=\"500\" src=\"https:\/\/veloplast.com.br\/wp-content\/uploads\/2023\/09\/IBX.png\" class=\"attachment-large size-large wp-image-722\" alt=\"\" srcset=\"https:\/\/veloplast.com.br\/wp-content\/uploads\/2023\/09\/IBX.png 500w, https:\/\/veloplast.com.br\/wp-content\/uploads\/2023\/09\/IBX-300x300.png 300w, https:\/\/veloplast.com.br\/wp-content\/uploads\/2023\/09\/IBX-150x150.png 150w, https:\/\/veloplast.com.br\/wp-content\/uploads\/2023\/09\/IBX-100x100.png 100w\" sizes=\"(max-width: 500px) 100vw, 500px\" \/>\t\t\t\t\t\t\t\t<\/a>\n\t\t\t\t\t\t\t\t\t\t\t<figcaption class=\"widget-image-caption wp-caption-text\">Pallet Conten\u00e7\u00e3o IBC 1000L<\/figcaption>\n\t\t\t\t\t\t\t\t\t\t<\/figure>\n\t\t\t\t\t\t\t\t\t<\/div>\n\t\t\t\t<\/div>\n\t\t\t\t<div class=\"elementor-element elementor-element-8a05bae elementor-widget elementor-widget-image\" data-id=\"8a05bae\" data-element_type=\"widget\" data-widget_type=\"image.default\">\n\t\t\t\t<div class=\"elementor-widget-container\">\n\t\t\t\t\t\t\t\t\t\t\t\t<figure class=\"wp-caption\">\n\t\t\t\t\t\t\t\t\t\t\t<a href=\"https:\/\/veloplast.com.br\/index.php\/produto\/pallet-contencao-ibc\/\">\n\t\t\t\t\t\t\t<img loading=\"lazy\" decoding=\"async\" width=\"400\" height=\"267\" src=\"https:\/\/veloplast.com.br\/wp-content\/uploads\/2023\/09\/palete-para-contentor-ibc-de-1000-litros-01.jpg\" class=\"attachment-large size-large wp-image-732\" alt=\"\" srcset=\"https:\/\/veloplast.com.br\/wp-content\/uploads\/2023\/09\/palete-para-contentor-ibc-de-1000-litros-01.jpg 400w, https:\/\/veloplast.com.br\/wp-content\/uploads\/2023\/09\/palete-para-contentor-ibc-de-1000-litros-01-300x200.jpg 300w\" sizes=\"(max-width: 400px) 100vw, 400px\" \/>\t\t\t\t\t\t\t\t<\/a>\n\t\t\t\t\t\t\t\t\t\t\t<figcaption class=\"widget-image-caption wp-caption-text\">Pallet Conten\u00e7\u00e3o IBC 1000L Com Apoio para Balde<\/figcaption>\n\t\t\t\t\t\t\t\t\t\t<\/figure>\n\t\t\t\t\t\t\t\t\t<\/div>\n\t\t\t\t<\/div>\n\t\t\t\t\t<\/div>\n\t\t\t\t<\/div>\n\t\t<div class=\"elementor-element elementor-element-ff81d35 e-grid e-con-boxed e-con e-parent\" data-id=\"ff81d35\" data-element_type=\"container\">\n\t\t\t\t\t<div class=\"e-con-inner\">\n\t\t\t\t<div class=\"elementor-element elementor-element-1339754 elementor-widget elementor-widget-spacer\" data-id=\"1339754\" data-element_type=\"widget\" data-widget_type=\"spacer.default\">\n\t\t\t\t<div class=\"elementor-widget-container\">\n\t\t\t\t\t\t\t<div class=\"elementor-spacer\">\n\t\t\t<div class=\"elementor-spacer-inner\"><\/div>\n\t\t<\/div>\n\t\t\t\t\t\t<\/div>\n\t\t\t\t<\/div>\n\t\t\t\t\t<\/div>\n\t\t\t\t<\/div>\n\t\t\t\t<\/div>\n\t\t","protected":false},"excerpt":{"rendered":"<p>Pallet Conten\u00e7\u00e3o 1 Tambor Pallet Conten\u00e7\u00e3o 2 Tambores Baixo Pallet Conten\u00e7\u00e3o 2 Tambores M\u00e9dio Pallet Conten\u00e7\u00e3o 2 Tambores Alto Pallet Conten\u00e7\u00e3o 4 Tambores Baixo Pallet Conten\u00e7\u00e3o 4 tambores M\u00e9dio Pallet Conten\u00e7\u00e3o 4 Tambores Alto Pallet Conten\u00e7\u00e3o IBC 1000L Pallet Conten\u00e7\u00e3o IBC 1000L Com Apoio para Balde<\/p>\n","protected":false},"author":1,"featured_media":0,"parent":0,"menu_order":0,"comment_status":"closed","ping_status":"closed","template":"","meta":{"footnotes":""},"class_list":["post-946","page","type-page","status-publish","hentry"],"_links":{"self":[{"href":"https:\/\/veloplast.com.br\/index.php\/wp-json\/wp\/v2\/pages\/946","targetHints":{"allow":["GET"]}}],"collection":[{"href":"https:\/\/veloplast.com.br\/index.php\/wp-json\/wp\/v2\/pages"}],"about":[{"href":"https:\/\/veloplast.com.br\/index.php\/wp-json\/wp\/v2\/types\/page"}],"author":[{"embeddable":true,"href":"https:\/\/veloplast.com.br\/index.php\/wp-json\/wp\/v2\/users\/1"}],"replies":[{"embeddable":true,"href":"https:\/\/veloplast.com.br\/index.php\/wp-json\/wp\/v2\/comments?post=946"}],"version-history":[{"count":10,"href":"https:\/\/veloplast.com.br\/index.php\/wp-json\/wp\/v2\/pages\/946\/revisions"}],"predecessor-version":[{"id":1062,"href":"https:\/\/veloplast.com.br\/index.php\/wp-json\/wp\/v2\/pages\/946\/revisions\/1062"}],"wp:attachment":[{"href":"https:\/\/veloplast.com.br\/index.php\/wp-json\/wp\/v2\/media?parent=946"}],"curies":[{"name":"wp","href":"https:\/\/api.w.org\/{rel}","templated":true}]}}