{"id":1097,"date":"2024-12-11T16:46:17","date_gmt":"2024-12-11T19:46:17","guid":{"rendered":"https:\/\/veloplast.com.br\/?post_type=product&#038;p=1097"},"modified":"2025-01-31T14:10:42","modified_gmt":"2025-01-31T17:10:42","slug":"estrado-plastico-50x50x5","status":"publish","type":"product","link":"https:\/\/veloplast.com.br\/index.php\/produto\/estrado-plastico-50x50x5\/","title":{"rendered":"Estrado Pl\u00e1stico 50x50x5"},"content":{"rendered":"<h3>Estrado Pl\u00e1stico 50x50x5 cm<\/h3>\n<p style=\"text-align: left;\"><strong>\u00a0\u00a0\u00a0\u00a0\u00a0\u00a0\u00a0\u00a0\u00a0\u00a0Descri\u00e7\u00e3o\u00a0 \u00a0 \u00a0 \u00a0 \u00a0 \u00a0 \u00a0 \u00a0 \u00a0 \u00a0 \u00a0 \u00a0 \u00a0 \u00a0 \u00a0 \u00a0 \u00a0 \u00a0 \u00a0 \u00a0 \u00a0 \u00a0 \u00a0 \u00a0 \u00a0 \u00a0 \u00a0 \u00a0 \u00a0 \u00a0 \u00a0 \u00a0 \u00a0 \u00a0 \u00a0 \u00a0 \u00a0 \u00a0 \u00a0 \u00a0 \u00a0 \u00a0 \u00a0 \u00a0 \u00a0 \u00a0 \u00a0 \u00a0 \u00a0 \u00a0 \u00a0<\/strong><\/p>\n<ul>\n<li><span style=\"font-weight: 400;\">Estrado Modular Encaix\u00e1vel\u00a0 \u00a0 \u00a0 \u00a0 \u00a0 \u00a0 \u00a0 \u00a0 \u00a0 \u00a0 \u00a0 \u00a0 \u00a0 \u00a0 \u00a0 \u00a0 \u00a0 \u00a0 \u00a0 \u00a0 \u00a0 \u00a0 \u00a0 \u00a0 \u00a0 \u00a0 \u00a0 \u00a0 \u00a0 \u00a0 \u00a0 \u00a0 \u00a0 \u00a0 \u00a0 \u00a0 \u00a0 \u00a0 \u00a0 \u00a0 \u00a0 \u00a0 \u00a0 \u00a0 \u00a0 \u00a0 \u00a0 \u00a0 \u00a0 \u00a0 \u00a0 <\/span><span style=\"font-weight: 400;\">\u00a0 \u00a0 \u00a0 \u00a0 \u00a0 \u00a0 \u00a0 \u00a0 \u00a0 \u00a0 \u00a0 \u00a0 \u00a0 \u00a0 \u00a0 \u00a0 \u00a0 \u00a0 \u00a0 \u00a0 \u00a0 \u00a0 \u00a0 \u00a0 \u00a0 \u00a0 \u00a0 \u00a0 \u00a0 \u00a0 \u00a0 \u00a0 \u00a0 \u00a0 \u00a0 \u00a0 \u00a0 \u00a0 \u00a0 \u00a0 \u00a0 \u00a0 \u00a0 \u00a0 \u00a0 \u00a0 \u00a0 \u00a0 \u00a0 \u00a0 \u00a0 \u00a0 \u00a0 \u00a0 \u00a0 \u00a0 \u00a0 \u00a0 \u00a0 \u00a0 \u00a0 \u00a0 \u00a0 \u00a0 \u00a0 \u00a0 \u00a0 \u00a0 \u00a0 \u00a0 \u00a0 \u00a0 \u00a0<\/span><\/li>\n<li style=\"font-weight: 400;\" aria-level=\"1\"><span style=\"font-weight: 400;\">Estrado lav\u00e1vel\u00a0 \u00a0 \u00a0 \u00a0 \u00a0 \u00a0 \u00a0 \u00a0 \u00a0 \u00a0 \u00a0 \u00a0 \u00a0 \u00a0 \u00a0 \u00a0 \u00a0 \u00a0 \u00a0 \u00a0 \u00a0 \u00a0 \u00a0 \u00a0 \u00a0 \u00a0 \u00a0 \u00a0 \u00a0 \u00a0 \u00a0 \u00a0 \u00a0 \u00a0 \u00a0 \u00a0 \u00a0 \u00a0 \u00a0 \u00a0 \u00a0 \u00a0 \u00a0 \u00a0 \u00a0 \u00a0 \u00a0 \u00a0 \u00a0 \u00a0 \u00a0 \u00a0 \u00a0 \u00a0 \u00a0 \u00a0 \u00a0 \u00a0 \u00a0 \u00a0 \u00a0 \u00a0 \u00a0 \u00a0 \u00a0 \u00a0 \u00a0 \u00a0 \u00a0 \u00a0 \u00a0 \u00a0 \u00a0 \u00a0 \u00a0 \u00a0 \u00a0 \u00a0 \u00a0 \u00a0 \u00a0 \u00a0 \u00a0 \u00a0 \u00a0 \u00a0 \u00a0 \u00a0 \u00a0 \u00a0\u00a0<\/span><\/li>\n<li style=\"font-weight: 400;\" aria-level=\"1\"><span style=\"font-weight: 400;\">Produto recicl\u00e1vel\u00a0 \u00a0 <\/span><\/li>\n<li style=\"font-weight: 400;\" aria-level=\"1\"><span style=\"font-weight: 400;\">Produto Multiuso\u00a0 \u00a0 \u00a0 \u00a0 \u00a0 \u00a0 \u00a0 \u00a0 \u00a0 \u00a0 \u00a0 \u00a0 \u00a0 \u00a0 \u00a0 \u00a0 \u00a0 \u00a0 \u00a0 \u00a0 \u00a0 \u00a0 \u00a0 \u00a0 \u00a0 \u00a0 \u00a0 \u00a0 \u00a0 \u00a0 \u00a0 \u00a0 \u00a0 \u00a0 \u00a0 \u00a0 \u00a0 \u00a0 \u00a0 \u00a0 \u00a0 \u00a0 \u00a0 \u00a0 \u00a0 \u00a0 \u00a0 \u00a0 \u00a0 \u00a0 \u00a0 \u00a0<\/span><\/li>\n<\/ul>\n<p style=\"text-align: left; padding-left: 40px;\"><b>Informa\u00e7\u00f5es T\u00e9cnicas\u00a0<\/b><\/p>\n<ul>\n<li><span style=\"font-weight: 400;\">Medidas: 50x50x5 cm (Larg x Comp x Alt)<\/span><\/li>\n<li><span style=\"font-weight: 400;\">Peso da unidade: 1,2 kg<\/span><\/li>\n<li><span style=\"font-weight: 400;\">Capacidade est\u00e1tica: 5000 kg ( Carga sobre 4 placas que formam 1 metro quadrado )<\/span><\/li>\n<li>Cores: Preto, Branco, Cinza ou Azul<\/li>\n<\/ul>\n<p>OBS: Pode ser fabricado em mat\u00e9ria-prima virgem para aguentar temperaturas negativas.<\/p>\n<h6 style=\"color: white;\">Piso pl\u00e1stico, piso, estrado pl\u00e1stico, estrado, palete, pallet plastico, palete plastico, pallet plastico, piso modular, piso encaix\u00e1vel, tapetinho pl\u00e1stico, piso para pets<\/h6>\n<h6 style=\"color: white;\">Pallet, palete, palete pl\u00e1stico, piso pallet, pallet pl\u00e1stico, palete, palet, PALETES DE PLASTICOS, ESTRADOS PALLETS LEVES, estrado plastico<br \/>\nestrados plasticos, pallets de plastico, pallet plastico, industria de plasticos, pallets pl\u00e1sticos, palete pl\u00e1stico, pallet de pl\u00e1stico pre\u00e7o, Piso de pl\u00e1stico para academias, Estrados pl\u00e1sticos pead, estrado plastico para camara frigorifica, paletes de pl\u00e1stico pre\u00e7o, estrados plasticos para camara fria, venda de pallets de plastico<br \/>\npallets de plastico para camara fria, pre\u00e7o pallet plastico, estrado multi, piso plastico para piscina, venda de pallets de plastico, f\u00e1brica de pallets de plastico, estrado pl\u00e1stico 50&#215;50 pre\u00e7o, estrado de pl\u00e1stico gradeado, estrado de pl\u00e1stico liso, Pallet de pl\u00e1stico para alimentos, Pallet de pl\u00e1stico para c\u00e2mara fria, Pallet de pl\u00e1stico para exporta\u00e7\u00e3o, Pallet de pl\u00e1stico para frigor\u00edfico, Pallet de pl\u00e1stico para ind\u00fastria, Pallet de pl\u00e1stico para ind\u00fastria de alimentos, Pallet de pl\u00e1stico para supermercado, Pallet de pl\u00e1stico para transporte, estrado pl\u00e1stico em sp, Piso de pl\u00e1stico para vesti\u00e1rios, estrado pl\u00e1stico modular pre\u00e7o, Estrado de pl\u00e1stico 40 x 40, pallet plastico 50&#215;50, estrado de plastico para banheiro, Pallet de pl\u00e1stico valor, Estrado pl\u00e1stico industrial, Estrado para c\u00e2maras frias, pisos plasticos, pisos plasticos modulares<\/h6>\n","protected":false},"excerpt":{"rendered":"<p>Estrado Pl\u00e1stico Novo<\/p>\n","protected":false},"featured_media":1102,"comment_status":"open","ping_status":"closed","template":"","meta":[],"product_brand":[],"product_cat":[130],"product_tag":[132,131,127,125],"class_list":{"0":"post-1097","1":"product","2":"type-product","3":"status-publish","4":"has-post-thumbnail","6":"product_cat-estrado-plastico","7":"product_tag-estrado-modular","8":"product_tag-estrado-plastico","9":"product_tag-piso-encaixavel","10":"product_tag-piso-plastico","12":"first","13":"instock","14":"shipping-taxable","15":"product-type-simple"},"_links":{"self":[{"href":"https:\/\/veloplast.com.br\/index.php\/wp-json\/wp\/v2\/product\/1097","targetHints":{"allow":["GET"]}}],"collection":[{"href":"https:\/\/veloplast.com.br\/index.php\/wp-json\/wp\/v2\/product"}],"about":[{"href":"https:\/\/veloplast.com.br\/index.php\/wp-json\/wp\/v2\/types\/product"}],"replies":[{"embeddable":true,"href":"https:\/\/veloplast.com.br\/index.php\/wp-json\/wp\/v2\/comments?post=1097"}],"version-history":[{"count":3,"href":"https:\/\/veloplast.com.br\/index.php\/wp-json\/wp\/v2\/product\/1097\/revisions"}],"predecessor-version":[{"id":1198,"href":"https:\/\/veloplast.com.br\/index.php\/wp-json\/wp\/v2\/product\/1097\/revisions\/1198"}],"wp:featuredmedia":[{"embeddable":true,"href":"https:\/\/veloplast.com.br\/index.php\/wp-json\/wp\/v2\/media\/1102"}],"wp:attachment":[{"href":"https:\/\/veloplast.com.br\/index.php\/wp-json\/wp\/v2\/media?parent=1097"}],"wp:term":[{"taxonomy":"product_brand","embeddable":true,"href":"https:\/\/veloplast.com.br\/index.php\/wp-json\/wp\/v2\/product_brand?post=1097"},{"taxonomy":"product_cat","embeddable":true,"href":"https:\/\/veloplast.com.br\/index.php\/wp-json\/wp\/v2\/product_cat?post=1097"},{"taxonomy":"product_tag","embeddable":true,"href":"https:\/\/veloplast.com.br\/index.php\/wp-json\/wp\/v2\/product_tag?post=1097"}],"curies":[{"name":"wp","href":"https:\/\/api.w.org\/{rel}","templated":true}]}}