{"id":1118,"date":"2024-12-11T17:08:53","date_gmt":"2024-12-11T20:08:53","guid":{"rendered":"https:\/\/veloplast.com.br\/?post_type=product&#038;p=1118"},"modified":"2025-01-31T14:03:02","modified_gmt":"2025-01-31T17:03:02","slug":"caixa-glt","status":"publish","type":"product","link":"https:\/\/veloplast.com.br\/index.php\/produto\/caixa-glt\/","title":{"rendered":"Caixa GLT"},"content":{"rendered":"<h3>Caixa GLT Dobr\u00e1vel Seminova<\/h3>\n<p style=\"text-align: left;\"><strong>\u00a0\u00a0\u00a0\u00a0\u00a0\u00a0\u00a0\u00a0\u00a0\u00a0Descri\u00e7\u00e3o\u00a0 \u00a0 \u00a0 \u00a0 \u00a0 \u00a0 \u00a0 \u00a0 \u00a0 \u00a0 \u00a0 \u00a0 \u00a0 \u00a0 \u00a0 \u00a0 \u00a0 \u00a0 \u00a0 \u00a0 \u00a0 \u00a0 \u00a0 \u00a0 \u00a0 \u00a0 \u00a0 \u00a0 \u00a0 \u00a0 \u00a0 \u00a0 \u00a0 \u00a0 \u00a0 \u00a0 \u00a0 \u00a0 \u00a0 \u00a0 \u00a0 \u00a0 \u00a0 \u00a0 \u00a0 \u00a0 \u00a0 \u00a0 \u00a0 \u00a0 \u00a0<\/strong><\/p>\n<ul>\n<li><span style=\"font-weight: 400;\">Caixa Industrial Seminova\u00a0 \u00a0 \u00a0 \u00a0 \u00a0 \u00a0 \u00a0 \u00a0 \u00a0 \u00a0 \u00a0 \u00a0 \u00a0 \u00a0 \u00a0 \u00a0 \u00a0 \u00a0 \u00a0 \u00a0 \u00a0 \u00a0 \u00a0 \u00a0 \u00a0 \u00a0 \u00a0 \u00a0 \u00a0 \u00a0 \u00a0 \u00a0 \u00a0 \u00a0 \u00a0 \u00a0 \u00a0 \u00a0 \u00a0 \u00a0 \u00a0 \u00a0 \u00a0 \u00a0 \u00a0 \u00a0 \u00a0 \u00a0 \u00a0 \u00a0 \u00a0 \u00a0<\/span><\/li>\n<li><span style=\"font-weight: 400;\">Utiliza\u00e7\u00e3o no ch\u00e3o ou porta pallet<\/span><\/li>\n<li style=\"font-weight: 400;\" aria-level=\"1\"><span style=\"font-weight: 400;\">Caixa Dobr\u00e1vel\u00a0 \u00a0 \u00a0 \u00a0 \u00a0 \u00a0 \u00a0 \u00a0 \u00a0 \u00a0 \u00a0 \u00a0 \u00a0 \u00a0 \u00a0 \u00a0 \u00a0 \u00a0 \u00a0 \u00a0 \u00a0 \u00a0 \u00a0 \u00a0 \u00a0 \u00a0 \u00a0 \u00a0 \u00a0 \u00a0 \u00a0 \u00a0 \u00a0 \u00a0 \u00a0 \u00a0 \u00a0 \u00a0 \u00a0 \u00a0 \u00a0 \u00a0 \u00a0 \u00a0 \u00a0 \u00a0 \u00a0 \u00a0 \u00a0 \u00a0 \u00a0 \u00a0 \u00a0 \u00a0 \u00a0 \u00a0 \u00a0 \u00a0 \u00a0 \u00a0 \u00a0 \u00a0 \u00a0 \u00a0 \u00a0 \u00a0 \u00a0 \u00a0 \u00a0 \u00a0 \u00a0 \u00a0 \u00a0 \u00a0 \u00a0 \u00a0 \u00a0 \u00a0 \u00a0 \u00a0 \u00a0 \u00a0 \u00a0 \u00a0 \u00a0 \u00a0 \u00a0 \u00a0 \u00a0 \u00a0\u00a0<\/span><\/li>\n<li style=\"font-weight: 400;\" aria-level=\"1\"><span style=\"font-weight: 400;\">Produto recicl\u00e1vel\u00a0 \u00a0 \u00a0 \u00a0 \u00a0 \u00a0 \u00a0 \u00a0 \u00a0 \u00a0 \u00a0 \u00a0 \u00a0 \u00a0 \u00a0 \u00a0 \u00a0 \u00a0 \u00a0 \u00a0 \u00a0 \u00a0 \u00a0 \u00a0 \u00a0 \u00a0 \u00a0 \u00a0 \u00a0 \u00a0 \u00a0 \u00a0 \u00a0 \u00a0 \u00a0 \u00a0 \u00a0 \u00a0 \u00a0 \u00a0 \u00a0 \u00a0 \u00a0 \u00a0 \u00a0 \u00a0 \u00a0 \u00a0 \u00a0 \u00a0 \u00a0 \u00a0 \u00a0 \u00a0<\/span><\/li>\n<li style=\"font-weight: 400;\" aria-level=\"1\"><span style=\"font-weight: 400;\">Movimenta\u00e7\u00e3o: Paleteira ou Empilhadeira com ou sem patola\u00a0 <\/span><span style=\"font-weight: 400;\">\u00a0 \u00a0 \u00a0 \u00a0 \u00a0 \u00a0 \u00a0 \u00a0 \u00a0 \u00a0 \u00a0 \u00a0 \u00a0 \u00a0 \u00a0 \u00a0 \u00a0 \u00a0 \u00a0 \u00a0 \u00a0 \u00a0 \u00a0 \u00a0 \u00a0 \u00a0 \u00a0 \u00a0<\/span><\/li>\n<\/ul>\n<p>&nbsp;<\/p>\n<p style=\"text-align: left; padding-left: 40px;\"><b>Informa\u00e7\u00f5es T\u00e9cnicas\u00a0<\/b><\/p>\n<ul>\n<li><span style=\"font-weight: 400;\">Medidas Externas: 101x121x86.5 cm (Larg x Comp x Alt)<\/span><\/li>\n<li>Medidas Internas: 92x112x70.5 cm ( Larg x Comp x Alt )<\/li>\n<li>Altura caixa dobrada: 34 cm<\/li>\n<li><span style=\"font-weight: 400;\">Peso da unidade: 70 kg<\/span><\/li>\n<li><span style=\"font-weight: 400;\">Capacidade est\u00e1tica: 2500 kg (Caixa parada no ch\u00e3o)\u00a0<\/span><\/li>\n<li><span style=\"font-weight: 400;\">Capacidade din\u00e2mica: 1000 kg (Caixa em movimenta\u00e7\u00e3o)\u00a0\u00a0<\/span><\/li>\n<li>Capacidade no Porta Pallet: 1000 kg<\/li>\n<li>Cores: Preto<\/li>\n<\/ul>\n<p>&nbsp;<\/p>\n<h6 style=\"color: white;\">Caixa GLT, caixa palete, caixa pallet, GLT, caixa industrial, caixa mobil, caixa col\u00e1psivel, ca\u00e7amba pl\u00e1stica, caixa dobr\u00e1vel, caixa titan, caixa pl\u00e1stica industrial<\/h6>\n","protected":false},"excerpt":{"rendered":"<p>Caixa GLT Seminova<\/p>\n","protected":false},"featured_media":597,"comment_status":"open","ping_status":"closed","template":"","meta":[],"product_brand":[],"product_cat":[86],"product_tag":[133,136,135,134],"class_list":{"0":"post-1118","1":"product","2":"type-product","3":"status-publish","4":"has-post-thumbnail","6":"product_cat-caixas-industriais","7":"product_tag-caixa-glt","8":"product_tag-caixa-mobil","9":"product_tag-caixa-palete","10":"product_tag-caixa-pallet","12":"first","13":"instock","14":"shipping-taxable","15":"product-type-simple"},"_links":{"self":[{"href":"https:\/\/veloplast.com.br\/index.php\/wp-json\/wp\/v2\/product\/1118","targetHints":{"allow":["GET"]}}],"collection":[{"href":"https:\/\/veloplast.com.br\/index.php\/wp-json\/wp\/v2\/product"}],"about":[{"href":"https:\/\/veloplast.com.br\/index.php\/wp-json\/wp\/v2\/types\/product"}],"replies":[{"embeddable":true,"href":"https:\/\/veloplast.com.br\/index.php\/wp-json\/wp\/v2\/comments?post=1118"}],"version-history":[{"count":4,"href":"https:\/\/veloplast.com.br\/index.php\/wp-json\/wp\/v2\/product\/1118\/revisions"}],"predecessor-version":[{"id":1193,"href":"https:\/\/veloplast.com.br\/index.php\/wp-json\/wp\/v2\/product\/1118\/revisions\/1193"}],"wp:featuredmedia":[{"embeddable":true,"href":"https:\/\/veloplast.com.br\/index.php\/wp-json\/wp\/v2\/media\/597"}],"wp:attachment":[{"href":"https:\/\/veloplast.com.br\/index.php\/wp-json\/wp\/v2\/media?parent=1118"}],"wp:term":[{"taxonomy":"product_brand","embeddable":true,"href":"https:\/\/veloplast.com.br\/index.php\/wp-json\/wp\/v2\/product_brand?post=1118"},{"taxonomy":"product_cat","embeddable":true,"href":"https:\/\/veloplast.com.br\/index.php\/wp-json\/wp\/v2\/product_cat?post=1118"},{"taxonomy":"product_tag","embeddable":true,"href":"https:\/\/veloplast.com.br\/index.php\/wp-json\/wp\/v2\/product_tag?post=1118"}],"curies":[{"name":"wp","href":"https:\/\/api.w.org\/{rel}","templated":true}]}}