{"id":1125,"date":"2024-12-11T17:21:45","date_gmt":"2024-12-11T20:21:45","guid":{"rendered":"https:\/\/veloplast.com.br\/?post_type=product&#038;p=1125"},"modified":"2025-01-31T14:00:58","modified_gmt":"2025-01-31T17:00:58","slug":"lixeira-container-1000l","status":"publish","type":"product","link":"https:\/\/veloplast.com.br\/index.php\/produto\/lixeira-container-1000l\/","title":{"rendered":"Lixeira Container 1000L"},"content":{"rendered":"<h3>Lixeira Container 1000L<\/h3>\n<p style=\"text-align: left;\"><strong>\u00a0\u00a0\u00a0\u00a0\u00a0\u00a0\u00a0\u00a0\u00a0\u00a0Descri\u00e7\u00e3o\u00a0 \u00a0 \u00a0 \u00a0 \u00a0 \u00a0 \u00a0 \u00a0 \u00a0 \u00a0 \u00a0 \u00a0 \u00a0 \u00a0 \u00a0 \u00a0 \u00a0 \u00a0 \u00a0 \u00a0 \u00a0 \u00a0 \u00a0 \u00a0 \u00a0 \u00a0 \u00a0 \u00a0 \u00a0 \u00a0 \u00a0 \u00a0 \u00a0 \u00a0 \u00a0 \u00a0 \u00a0 \u00a0 \u00a0 \u00a0 \u00a0 \u00a0 \u00a0 \u00a0 \u00a0 \u00a0 \u00a0 \u00a0 \u00a0 \u00a0 \u00a0<\/strong><\/p>\n<ul>\n<li><span style=\"font-weight: 400;\">Container Lixeira 1000L com Rodas\u00a0 \u00a0 \u00a0 \u00a0 \u00a0 \u00a0 \u00a0 \u00a0 \u00a0 \u00a0 \u00a0 \u00a0 \u00a0 \u00a0 \u00a0 \u00a0 \u00a0 \u00a0 \u00a0 \u00a0 \u00a0 \u00a0 \u00a0 \u00a0 \u00a0 \u00a0 \u00a0 \u00a0 \u00a0 \u00a0 \u00a0 \u00a0 \u00a0 \u00a0 \u00a0 \u00a0 \u00a0 \u00a0 \u00a0 \u00a0 \u00a0 \u00a0 \u00a0 \u00a0 \u00a0 \u00a0 \u00a0 \u00a0 \u00a0 \u00a0 \u00a0 \u00a0<\/span><\/li>\n<li><span style=\"font-weight: 400;\">Munh\u00e3o <\/span><span style=\"font-weight: 400;\">\u00a0 \u00a0 \u00a0 \u00a0 \u00a0 \u00a0 \u00a0 \u00a0 \u00a0 \u00a0 \u00a0 \u00a0 \u00a0 \u00a0 \u00a0 \u00a0 \u00a0 \u00a0 \u00a0 \u00a0 \u00a0 \u00a0 \u00a0 \u00a0 \u00a0 \u00a0 \u00a0 \u00a0 \u00a0 \u00a0 \u00a0 \u00a0 \u00a0 \u00a0 \u00a0 \u00a0 \u00a0 \u00a0 \u00a0 \u00a0 \u00a0 \u00a0 \u00a0 \u00a0 \u00a0 \u00a0 \u00a0 \u00a0 \u00a0 \u00a0 \u00a0 \u00a0 \u00a0 \u00a0 \u00a0 \u00a0 \u00a0 \u00a0 \u00a0 \u00a0 \u00a0 \u00a0 \u00a0 \u00a0 \u00a0 \u00a0 \u00a0 \u00a0 \u00a0 \u00a0 \u00a0 \u00a0 \u00a0 \u00a0 \u00a0 \u00a0 \u00a0 \u00a0 \u00a0 \u00a0 \u00a0 \u00a0 \u00a0 \u00a0 \u00a0 \u00a0 \u00a0 \u00a0 \u00a0 \u00a0\u00a0<\/span><\/li>\n<li style=\"font-weight: 400;\" aria-level=\"1\"><span style=\"font-weight: 400;\">Produto recicl\u00e1vel\u00a0 \u00a0 \u00a0 \u00a0 \u00a0 \u00a0 \u00a0 \u00a0 \u00a0 \u00a0 \u00a0 \u00a0 \u00a0 \u00a0 \u00a0 \u00a0 \u00a0 \u00a0 \u00a0 \u00a0 \u00a0 \u00a0 \u00a0 \u00a0 \u00a0 \u00a0 \u00a0 \u00a0 \u00a0 \u00a0 \u00a0 \u00a0 \u00a0 \u00a0 \u00a0 \u00a0 \u00a0 \u00a0 \u00a0 \u00a0 \u00a0 \u00a0 \u00a0 \u00a0 \u00a0 \u00a0 \u00a0 \u00a0 \u00a0 \u00a0 \u00a0 \u00a0 \u00a0 \u00a0<\/span><\/li>\n<\/ul>\n<p>&nbsp;<\/p>\n<p style=\"text-align: left; padding-left: 40px;\"><b>Informa\u00e7\u00f5es T\u00e9cnicas\u00a0<\/b><\/p>\n<ul>\n<li><span style=\"font-weight: 400;\">Medidas Externas: 104x138x129 cm (Larg x Comp x Alt)<\/span><\/li>\n<li><span style=\"font-weight: 400;\">Capacidade est\u00e1tica: 450 kg\u00a0\u00a0<\/span><\/li>\n<li><span style=\"font-weight: 400;\">Litragem: 1000L<\/span><\/li>\n<li>Cores: Preto, Branco, Azul, Amarelo, Vermelho, Verde, Marrom, Laranja, Cinza.<\/li>\n<\/ul>\n<p>&nbsp;<\/p>\n<h6 style=\"color: white;\">Lixeira, container de lixo, lixeira container, carrinho coletor, lixo grande, carro de lixo, carrinho gari, lixeira gari, lixeira 1000L, lixeira grande, lixeira pl\u00e1stica, lutocar, coleta seletiva, lixeira com roda<\/h6>\n","protected":false},"excerpt":{"rendered":"<p>Lixeira Container 1000L Nova<\/p>\n","protected":false},"featured_media":621,"comment_status":"open","ping_status":"closed","template":"","meta":[],"product_brand":[],"product_cat":[83],"product_tag":[139,137,138],"class_list":{"0":"post-1125","1":"product","2":"type-product","3":"status-publish","4":"has-post-thumbnail","6":"product_cat-lixeiras","7":"product_tag-container-1000l","8":"product_tag-contentor-1000l","9":"product_tag-lixeira","11":"first","12":"instock","13":"shipping-taxable","14":"product-type-simple"},"_links":{"self":[{"href":"https:\/\/veloplast.com.br\/index.php\/wp-json\/wp\/v2\/product\/1125","targetHints":{"allow":["GET"]}}],"collection":[{"href":"https:\/\/veloplast.com.br\/index.php\/wp-json\/wp\/v2\/product"}],"about":[{"href":"https:\/\/veloplast.com.br\/index.php\/wp-json\/wp\/v2\/types\/product"}],"replies":[{"embeddable":true,"href":"https:\/\/veloplast.com.br\/index.php\/wp-json\/wp\/v2\/comments?post=1125"}],"version-history":[{"count":4,"href":"https:\/\/veloplast.com.br\/index.php\/wp-json\/wp\/v2\/product\/1125\/revisions"}],"predecessor-version":[{"id":1191,"href":"https:\/\/veloplast.com.br\/index.php\/wp-json\/wp\/v2\/product\/1125\/revisions\/1191"}],"wp:featuredmedia":[{"embeddable":true,"href":"https:\/\/veloplast.com.br\/index.php\/wp-json\/wp\/v2\/media\/621"}],"wp:attachment":[{"href":"https:\/\/veloplast.com.br\/index.php\/wp-json\/wp\/v2\/media?parent=1125"}],"wp:term":[{"taxonomy":"product_brand","embeddable":true,"href":"https:\/\/veloplast.com.br\/index.php\/wp-json\/wp\/v2\/product_brand?post=1125"},{"taxonomy":"product_cat","embeddable":true,"href":"https:\/\/veloplast.com.br\/index.php\/wp-json\/wp\/v2\/product_cat?post=1125"},{"taxonomy":"product_tag","embeddable":true,"href":"https:\/\/veloplast.com.br\/index.php\/wp-json\/wp\/v2\/product_tag?post=1125"}],"curies":[{"name":"wp","href":"https:\/\/api.w.org\/{rel}","templated":true}]}}