{"id":883,"date":"2024-12-09T17:02:48","date_gmt":"2024-12-09T20:02:48","guid":{"rendered":"https:\/\/veloplast.com.br\/?post_type=product&#038;p=883"},"modified":"2025-01-31T14:29:56","modified_gmt":"2025-01-31T17:29:56","slug":"cestas-de-supermercado","status":"publish","type":"product","link":"https:\/\/veloplast.com.br\/index.php\/produto\/cestas-de-supermercado\/","title":{"rendered":"Cestas de Supermercado"},"content":{"rendered":"<h3>Cestas de Supermercado Multiuso<\/h3>\n<p style=\"text-align: left;\"><strong>\u00a0\u00a0\u00a0\u00a0\u00a0\u00a0\u00a0\u00a0\u00a0\u00a0Descri\u00e7\u00e3o\u00a0 \u00a0 \u00a0 \u00a0 \u00a0 \u00a0 \u00a0 \u00a0 \u00a0 \u00a0 \u00a0 \u00a0 \u00a0 \u00a0 \u00a0 \u00a0 \u00a0 \u00a0 \u00a0 \u00a0 \u00a0 \u00a0 \u00a0 \u00a0 \u00a0 \u00a0 \u00a0 \u00a0 \u00a0 \u00a0 \u00a0 \u00a0 \u00a0 \u00a0 \u00a0 \u00a0 \u00a0 \u00a0 \u00a0 \u00a0 \u00a0 \u00a0 \u00a0 \u00a0 \u00a0 \u00a0 \u00a0 \u00a0 \u00a0 \u00a0 \u00a0<\/strong><\/p>\n<ul>\n<li><span style=\"font-weight: 400;\">Cestas vazadas<\/span><\/li>\n<li style=\"font-weight: 400;\" aria-level=\"1\"><span style=\"font-weight: 400;\">Produto lav\u00e1vel\u00a0 \u00a0 \u00a0 \u00a0 \u00a0 \u00a0 \u00a0 \u00a0 \u00a0 \u00a0 \u00a0 \u00a0 \u00a0 \u00a0 \u00a0 \u00a0 \u00a0 \u00a0 \u00a0 \u00a0 \u00a0 \u00a0 \u00a0 \u00a0 \u00a0 \u00a0 \u00a0 \u00a0 \u00a0 \u00a0 \u00a0 \u00a0 \u00a0 \u00a0 \u00a0 \u00a0 \u00a0 \u00a0 \u00a0 \u00a0 \u00a0 \u00a0 \u00a0 \u00a0 \u00a0 \u00a0 \u00a0 \u00a0 \u00a0 \u00a0 \u00a0 \u00a0 \u00a0 \u00a0 \u00a0 \u00a0 \u00a0 \u00a0 \u00a0 \u00a0 \u00a0 \u00a0 \u00a0 \u00a0 \u00a0 \u00a0 \u00a0 \u00a0 \u00a0 \u00a0 \u00a0 \u00a0 \u00a0 \u00a0 \u00a0 \u00a0 \u00a0 \u00a0 \u00a0 \u00a0 \u00a0 \u00a0 \u00a0 \u00a0 \u00a0 \u00a0 \u00a0 \u00a0 \u00a0 \u00a0\u00a0<\/span><\/li>\n<li style=\"font-weight: 400;\" aria-level=\"1\"><span style=\"font-weight: 400;\">Produto recicl\u00e1vel\u00a0 \u00a0 \u00a0 \u00a0 \u00a0 \u00a0 \u00a0 \u00a0 \u00a0 \u00a0 \u00a0 \u00a0 \u00a0 \u00a0 \u00a0 \u00a0 \u00a0 \u00a0 \u00a0 \u00a0 \u00a0 \u00a0 \u00a0 \u00a0 \u00a0 \u00a0 \u00a0 \u00a0 \u00a0 \u00a0 \u00a0 \u00a0 \u00a0 \u00a0 \u00a0 \u00a0 \u00a0 \u00a0 \u00a0 \u00a0 \u00a0 \u00a0 \u00a0 \u00a0 \u00a0 \u00a0 \u00a0 \u00a0 \u00a0 \u00a0 \u00a0 \u00a0 \u00a0 \u00a0<\/span><\/li>\n<\/ul>\n<p>&nbsp;<\/p>\n<p style=\"text-align: left; padding-left: 40px;\"><b>Informa\u00e7\u00f5es T\u00e9cnicas\u00a0<\/b><\/p>\n<ul>\n<li><span style=\"font-weight: 400;\">Medidas: 29x45x20 cm (Larg x Comp x Alt)<\/span><\/li>\n<li><span style=\"font-weight: 400;\">Peso da unidade: 0.65 kg<\/span><\/li>\n<li><span style=\"font-weight: 400;\">Litragem: 16 Litros\u00a0\u00a0<\/span><\/li>\n<li><span style=\"font-weight: 400;\">Capacidade de carga: 20 kg\u00a0\u00a0<\/span><\/li>\n<li><span style=\"font-weight: 400;\">Cores: Preta, Branca, Azul, Verde, Vermelha, Amarela, Laranja e Rosa.<\/span><\/li>\n<\/ul>\n<h6 style=\"color: white;\">cesta plastica, cestas plasticas, cesta pl\u00e1stica, pre\u00e7o cestas, cesto pl\u00e1stico, cesto plastico, cesto mercado, cestinha supermercado, cesta hipermercado, cesta mercadinho, cesta farmacia, valor cestas farmacia, valor cestas de mercado, cestas decorativas, cestas pl\u00e1sticas de supermercado, cestinhas plasticas, cestinhas de supermercado, cestinha conv\u00eaniencia, cestas conveniencia, cesto mercado, cesto conveniencia, bandeja plastica, bandeja farmacia, pre\u00e7o cestas supermercado, valor cestas mercado, cesta de m\u00e3o <\/h6>\n","protected":false},"excerpt":{"rendered":"<p>Cestas Novas<\/p>\n","protected":false},"featured_media":526,"comment_status":"open","ping_status":"closed","template":"","meta":[],"product_brand":[],"product_cat":[82],"product_tag":[103,100,102,101,99,104],"class_list":{"0":"post-883","1":"product","2":"type-product","3":"status-publish","4":"has-post-thumbnail","6":"product_cat-cestas","7":"product_tag-cestas","8":"product_tag-cestas-de-mercado","9":"product_tag-cestas-multiuso","10":"product_tag-cestas-organizadoras","11":"product_tag-cestas-plasticas","12":"product_tag-cestos","14":"first","15":"instock","16":"shipping-taxable","17":"product-type-simple"},"_links":{"self":[{"href":"https:\/\/veloplast.com.br\/index.php\/wp-json\/wp\/v2\/product\/883","targetHints":{"allow":["GET"]}}],"collection":[{"href":"https:\/\/veloplast.com.br\/index.php\/wp-json\/wp\/v2\/product"}],"about":[{"href":"https:\/\/veloplast.com.br\/index.php\/wp-json\/wp\/v2\/types\/product"}],"replies":[{"embeddable":true,"href":"https:\/\/veloplast.com.br\/index.php\/wp-json\/wp\/v2\/comments?post=883"}],"version-history":[{"count":3,"href":"https:\/\/veloplast.com.br\/index.php\/wp-json\/wp\/v2\/product\/883\/revisions"}],"predecessor-version":[{"id":1225,"href":"https:\/\/veloplast.com.br\/index.php\/wp-json\/wp\/v2\/product\/883\/revisions\/1225"}],"wp:featuredmedia":[{"embeddable":true,"href":"https:\/\/veloplast.com.br\/index.php\/wp-json\/wp\/v2\/media\/526"}],"wp:attachment":[{"href":"https:\/\/veloplast.com.br\/index.php\/wp-json\/wp\/v2\/media?parent=883"}],"wp:term":[{"taxonomy":"product_brand","embeddable":true,"href":"https:\/\/veloplast.com.br\/index.php\/wp-json\/wp\/v2\/product_brand?post=883"},{"taxonomy":"product_cat","embeddable":true,"href":"https:\/\/veloplast.com.br\/index.php\/wp-json\/wp\/v2\/product_cat?post=883"},{"taxonomy":"product_tag","embeddable":true,"href":"https:\/\/veloplast.com.br\/index.php\/wp-json\/wp\/v2\/product_tag?post=883"}],"curies":[{"name":"wp","href":"https:\/\/api.w.org\/{rel}","templated":true}]}}