{"id":885,"date":"2024-12-09T17:10:26","date_gmt":"2024-12-09T20:10:26","guid":{"rendered":"https:\/\/veloplast.com.br\/?post_type=product&#038;p=885"},"modified":"2025-01-31T14:30:46","modified_gmt":"2025-01-31T17:30:46","slug":"suporte-para-cestas","status":"publish","type":"product","link":"https:\/\/veloplast.com.br\/index.php\/produto\/suporte-para-cestas\/","title":{"rendered":"Suporte para Cestas"},"content":{"rendered":"<h3>Suporte Met\u00e1lico Expositor para Cestas<\/h3>\n<p style=\"text-align: left;\"><strong>\u00a0\u00a0\u00a0\u00a0\u00a0\u00a0\u00a0\u00a0\u00a0\u00a0Descri\u00e7\u00e3o\u00a0 \u00a0 \u00a0 \u00a0 \u00a0 \u00a0 \u00a0 \u00a0 \u00a0 \u00a0 \u00a0 \u00a0 \u00a0 \u00a0 \u00a0 \u00a0 \u00a0 \u00a0 \u00a0 \u00a0 \u00a0 \u00a0 \u00a0 \u00a0 \u00a0 \u00a0 \u00a0 \u00a0 \u00a0 \u00a0 \u00a0 \u00a0 \u00a0 \u00a0 \u00a0 \u00a0 \u00a0 \u00a0 \u00a0 \u00a0 \u00a0 \u00a0 \u00a0 \u00a0 \u00a0 \u00a0 \u00a0 \u00a0 \u00a0 \u00a0 \u00a0<\/strong><\/p>\n<ul>\n<li><span style=\"font-weight: 400;\">Suporte para Cestas<\/span><\/li>\n<li style=\"font-weight: 400;\" aria-level=\"1\"><span style=\"font-weight: 400;\">Expositor\u00a0 \u00a0 \u00a0 \u00a0 \u00a0 \u00a0 \u00a0 \u00a0 \u00a0 \u00a0 \u00a0 \u00a0 \u00a0 \u00a0 \u00a0 \u00a0 \u00a0 \u00a0 \u00a0 \u00a0 \u00a0 \u00a0 \u00a0 \u00a0 \u00a0 \u00a0 \u00a0 \u00a0 \u00a0 \u00a0 \u00a0 \u00a0 \u00a0 \u00a0 \u00a0 \u00a0 \u00a0 \u00a0 \u00a0 \u00a0 \u00a0 \u00a0 \u00a0 \u00a0 \u00a0 \u00a0 \u00a0 \u00a0 \u00a0 \u00a0 \u00a0 \u00a0 \u00a0 \u00a0 \u00a0 \u00a0 \u00a0 \u00a0 \u00a0 \u00a0 \u00a0 \u00a0 \u00a0 \u00a0 \u00a0 \u00a0 \u00a0 \u00a0 \u00a0 \u00a0 \u00a0 \u00a0 \u00a0 \u00a0 \u00a0 \u00a0 \u00a0 \u00a0 \u00a0 \u00a0 \u00a0 \u00a0 \u00a0 \u00a0 \u00a0 \u00a0 \u00a0 \u00a0 \u00a0\u00a0<\/span><\/li>\n<\/ul>\n<p>&nbsp;<\/p>\n<p style=\"text-align: left; padding-left: 40px;\"><b>Informa\u00e7\u00f5es T\u00e9cnicas\u00a0<\/b><\/p>\n<ul>\n<li><span style=\"font-weight: 400;\">Medidas: 47x40x100 cm (Larg x Comp x Alt)<\/span><\/li>\n<li><span style=\"font-weight: 400;\">Peso da unidade: 2 kg<\/span><\/li>\n<li><span style=\"font-weight: 400;\">Material: A\u00e7o ( Pintura eletrost\u00e1tica )<\/span><\/li>\n<li><span style=\"font-weight: 400;\">Capacidade: 30 cestas\u00a0\u00a0<\/span><\/li>\n<li><span style=\"font-weight: 400;\">Cores: Preto ou Branco<\/span><\/li>\n<\/ul>\n<h6 style=\"color: white;\">suporte para cestas de mercado, expositor cestas de mercado, suporte para 30 cestas, suporte met\u00e1lico para cestas, suporte de cestas de mercado, cesta plastica, cestas plasticas, cesta pl\u00e1stica, pre\u00e7o cestas, cesto pl\u00e1stico, cesto plastico, cesto mercado, cestinha supermercado, cesta hipermercado, cesta mercadinho, cesta farmacia, valor cestas farmacia, valor cestas de mercado, cestas decorativas, cestas pl\u00e1sticas de supermercado, cestinhas plasticas, cestinhas de supermercado, cestinha conv\u00eaniencia, cestas conveniencia, cesto mercado, cesto conveniencia, bandeja plastica, bandeja farmacia, pre\u00e7o cestas supermercado, valor cestas mercado, cesta de m\u00e3o <\/h6>\n","protected":false},"excerpt":{"rendered":"<p>Suporte Novo<\/p>\n","protected":false},"featured_media":892,"comment_status":"open","ping_status":"closed","template":"","meta":[],"product_brand":[],"product_cat":[16],"product_tag":[106,108,107,105],"class_list":{"0":"post-885","1":"product","2":"type-product","3":"status-publish","4":"has-post-thumbnail","6":"product_cat-sem-categoria","7":"product_tag-expositor-cestas","8":"product_tag-suporte-cestas","9":"product_tag-suporte-metalico","10":"product_tag-suporte-para-cestas","12":"first","13":"instock","14":"shipping-taxable","15":"product-type-simple"},"_links":{"self":[{"href":"https:\/\/veloplast.com.br\/index.php\/wp-json\/wp\/v2\/product\/885","targetHints":{"allow":["GET"]}}],"collection":[{"href":"https:\/\/veloplast.com.br\/index.php\/wp-json\/wp\/v2\/product"}],"about":[{"href":"https:\/\/veloplast.com.br\/index.php\/wp-json\/wp\/v2\/types\/product"}],"replies":[{"embeddable":true,"href":"https:\/\/veloplast.com.br\/index.php\/wp-json\/wp\/v2\/comments?post=885"}],"version-history":[{"count":2,"href":"https:\/\/veloplast.com.br\/index.php\/wp-json\/wp\/v2\/product\/885\/revisions"}],"predecessor-version":[{"id":1226,"href":"https:\/\/veloplast.com.br\/index.php\/wp-json\/wp\/v2\/product\/885\/revisions\/1226"}],"wp:featuredmedia":[{"embeddable":true,"href":"https:\/\/veloplast.com.br\/index.php\/wp-json\/wp\/v2\/media\/892"}],"wp:attachment":[{"href":"https:\/\/veloplast.com.br\/index.php\/wp-json\/wp\/v2\/media?parent=885"}],"wp:term":[{"taxonomy":"product_brand","embeddable":true,"href":"https:\/\/veloplast.com.br\/index.php\/wp-json\/wp\/v2\/product_brand?post=885"},{"taxonomy":"product_cat","embeddable":true,"href":"https:\/\/veloplast.com.br\/index.php\/wp-json\/wp\/v2\/product_cat?post=885"},{"taxonomy":"product_tag","embeddable":true,"href":"https:\/\/veloplast.com.br\/index.php\/wp-json\/wp\/v2\/product_tag?post=885"}],"curies":[{"name":"wp","href":"https:\/\/api.w.org\/{rel}","templated":true}]}}