{"id":894,"date":"2024-12-09T17:14:38","date_gmt":"2024-12-09T20:14:38","guid":{"rendered":"https:\/\/veloplast.com.br\/?post_type=product&#038;p=894"},"modified":"2025-01-31T14:23:16","modified_gmt":"2025-01-31T17:23:16","slug":"pallet-contencao-1-tambor","status":"publish","type":"product","link":"https:\/\/veloplast.com.br\/index.php\/produto\/pallet-contencao-1-tambor\/","title":{"rendered":"Pallet Conten\u00e7\u00e3o 1 Tambor"},"content":{"rendered":"<h3>Pallet Conten\u00e7\u00e3o 1 Tambor<\/h3>\n<p style=\"text-align: left;\"><strong>\u00a0\u00a0\u00a0\u00a0\u00a0\u00a0\u00a0\u00a0\u00a0\u00a0Descri\u00e7\u00e3o\u00a0 \u00a0 <\/strong><strong>\u00a0 \u00a0 \u00a0 \u00a0 \u00a0 \u00a0 \u00a0 \u00a0 \u00a0 \u00a0 \u00a0 \u00a0 \u00a0 \u00a0 \u00a0 \u00a0 \u00a0 \u00a0 \u00a0 \u00a0 \u00a0 \u00a0 \u00a0 \u00a0 \u00a0 \u00a0 \u00a0 \u00a0 \u00a0 \u00a0 \u00a0 \u00a0 \u00a0 \u00a0 \u00a0 \u00a0 \u00a0 \u00a0 \u00a0 \u00a0 \u00a0 \u00a0 \u00a0 \u00a0 \u00a0 \u00a0 \u00a0 \u00a0\u00a0<\/strong><\/p>\n<ul>\n<li><span style=\"font-weight: 400;\">Acomoda 1 tambor de 200 a 250 Litros\u00a0 \u00a0 \u00a0 \u00a0 \u00a0 \u00a0 \u00a0 \u00a0 \u00a0 \u00a0 \u00a0 \u00a0 \u00a0 \u00a0 \u00a0 \u00a0 \u00a0 \u00a0 \u00a0 \u00a0 \u00a0 \u00a0 \u00a0 \u00a0 \u00a0 \u00a0 \u00a0 \u00a0 \u00a0 \u00a0 \u00a0 \u00a0 \u00a0 \u00a0 \u00a0 \u00a0 \u00a0 \u00a0 \u00a0 \u00a0 \u00a0 \u00a0 \u00a0 \u00a0 \u00a0 \u00a0 \u00a0 \u00a0 \u00a0 \u00a0 \u00a0 \u00a0 \u00a0 \u00a0 \u00a0 \u00a0 \u00a0 \u00a0 \u00a0 \u00a0 \u00a0 \u00a0 \u00a0 \u00a0 \u00a0 \u00a0 \u00a0 \u00a0 \u00a0 \u00a0 \u00a0 \u00a0 \u00a0 \u00a0 \u00a0 \u00a0 \u00a0 \u00a0<\/span><\/li>\n<li style=\"font-weight: 400;\" aria-level=\"1\"><span style=\"font-weight: 400;\">Pallet lav\u00e1vel\u00a0 \u00a0 \u00a0 \u00a0 \u00a0 \u00a0 \u00a0 \u00a0 \u00a0 \u00a0 \u00a0 \u00a0 \u00a0 \u00a0 \u00a0 \u00a0 \u00a0 \u00a0 \u00a0 \u00a0 \u00a0 \u00a0 \u00a0 \u00a0 \u00a0 \u00a0 \u00a0 \u00a0 \u00a0 \u00a0 \u00a0 \u00a0 \u00a0 \u00a0 \u00a0 \u00a0 \u00a0 \u00a0 \u00a0 \u00a0 \u00a0 \u00a0 \u00a0 \u00a0 \u00a0 \u00a0 \u00a0 \u00a0 \u00a0 \u00a0 \u00a0 \u00a0 \u00a0 \u00a0 \u00a0 \u00a0 \u00a0 \u00a0 \u00a0 \u00a0 \u00a0 \u00a0 \u00a0 \u00a0 \u00a0 \u00a0 \u00a0 \u00a0 \u00a0 \u00a0 \u00a0 \u00a0 \u00a0 \u00a0 \u00a0 \u00a0 \u00a0 \u00a0 \u00a0 \u00a0 \u00a0 \u00a0 \u00a0 \u00a0 \u00a0 \u00a0 \u00a0 \u00a0 \u00a0 \u00a0\u00a0<\/span><\/li>\n<li style=\"font-weight: 400;\" aria-level=\"1\"><span style=\"font-weight: 400;\">Produto recicl\u00e1vel\u00a0 \u00a0 \u00a0 \u00a0 \u00a0 \u00a0 \u00a0 \u00a0 \u00a0 \u00a0 \u00a0 \u00a0 \u00a0 \u00a0 \u00a0 \u00a0 \u00a0 \u00a0 \u00a0 \u00a0 \u00a0 \u00a0 \u00a0 \u00a0 \u00a0 \u00a0 \u00a0 \u00a0 \u00a0 \u00a0 \u00a0 \u00a0 \u00a0 \u00a0 \u00a0 \u00a0 \u00a0 \u00a0 \u00a0 \u00a0 \u00a0 \u00a0 \u00a0 \u00a0 \u00a0 \u00a0 \u00a0 \u00a0 \u00a0 \u00a0 \u00a0 \u00a0 \u00a0 \u00a0<\/span><\/li>\n<li style=\"font-weight: 400;\" aria-level=\"1\"><span style=\"font-weight: 400;\">Movimenta\u00e7\u00e3o: Paleteira\u00a0 \u00a0<\/span><span style=\"font-weight: 400;\">\u00a0 \u00a0 \u00a0 \u00a0 \u00a0 \u00a0 \u00a0 \u00a0 \u00a0 \u00a0 \u00a0 \u00a0 \u00a0 \u00a0 \u00a0 \u00a0 \u00a0 \u00a0 \u00a0 \u00a0 \u00a0 \u00a0 \u00a0 \u00a0 \u00a0 \u00a0 \u00a0 \u00a0<\/span><\/li>\n<\/ul>\n<p>&nbsp;<\/p>\n<p style=\"text-align: left; padding-left: 40px;\"><b>Informa\u00e7\u00f5es T\u00e9cnicas\u00a0<\/b><\/p>\n<ul>\n<li><span style=\"font-weight: 400;\">Medidas: 70x70x28 cm (Larg x Comp x Alt)<\/span><\/li>\n<li><span style=\"font-weight: 400;\">Peso da unidade: 10 kg<\/span><\/li>\n<li><span style=\"font-weight: 400;\">Capacidade est\u00e1tica: 250 kg (Pallet parado no ch\u00e3o)\u00a0<\/span><\/li>\n<li><span style=\"font-weight: 400;\">Capacidade din\u00e2mica: 250 kg (Pallet movimentado)\u00a0\u00a0<\/span><\/li>\n<li>Cores: Amarelo ou Laranja<\/li>\n<\/ul>\n<p>OBS: Pode ser fabricado na medida 90&#215;90.<\/p>\n<h6 style=\"color: white;\">Pallet de conten\u00e7\u00e3o, contenc\u00e3o pl\u00e1stica, palete de conten\u00e7\u00e3o, pallet conten\u00e7\u00e3o, conten\u00e7\u00e3o, bacia contentora, conten\u00e7\u00e3o produtos quimicos, valor pallet conten\u00e7\u00e3o, palete conten\u00e7\u00e3o valor, conten\u00e7\u00e3o tambores de oleo, tambor de oleo, pallet de conten\u00e7\u00e3o para tambores, pallet de conten\u00e7\u00e3o ibc, ibc, palete conten\u00e7\u00e3o ibc, pallet 4 tambores, quanto custa pallet conten\u00e7\u00e3o, valor pallet conten\u00e7\u00e3o, conten\u00e7\u00e3o produtos quimicos, palete, palete pl\u00e1stico, pallet conten\u00e7\u00e3o 2 tambores, pallet conten\u00e7\u00e3o 1 tambor, conten\u00e7\u00e3o litros, pallet conten\u00e7\u00e3o 4 tambores, palete conten\u00e7\u00e3o liquidos quimicos, pallet pl\u00e1stico, palete, palet, PALETES DE PLASTICOS, <\/h6>\n","protected":false},"excerpt":{"rendered":"<p>Pallet Conten\u00e7\u00e3o Novo<\/p>\n","protected":false},"featured_media":700,"comment_status":"open","ping_status":"closed","template":"","meta":[],"product_brand":[],"product_cat":[85],"product_tag":[112,110,111,109],"class_list":{"0":"post-894","1":"product","2":"type-product","3":"status-publish","4":"has-post-thumbnail","6":"product_cat-pallets-de-contencao","7":"product_tag-1-tambor","8":"product_tag-contencao-tambor","9":"product_tag-palete-contencao","10":"product_tag-pallet-contencao","12":"first","13":"instock","14":"shipping-taxable","15":"product-type-simple"},"_links":{"self":[{"href":"https:\/\/veloplast.com.br\/index.php\/wp-json\/wp\/v2\/product\/894","targetHints":{"allow":["GET"]}}],"collection":[{"href":"https:\/\/veloplast.com.br\/index.php\/wp-json\/wp\/v2\/product"}],"about":[{"href":"https:\/\/veloplast.com.br\/index.php\/wp-json\/wp\/v2\/types\/product"}],"replies":[{"embeddable":true,"href":"https:\/\/veloplast.com.br\/index.php\/wp-json\/wp\/v2\/comments?post=894"}],"version-history":[{"count":2,"href":"https:\/\/veloplast.com.br\/index.php\/wp-json\/wp\/v2\/product\/894\/revisions"}],"predecessor-version":[{"id":1221,"href":"https:\/\/veloplast.com.br\/index.php\/wp-json\/wp\/v2\/product\/894\/revisions\/1221"}],"wp:featuredmedia":[{"embeddable":true,"href":"https:\/\/veloplast.com.br\/index.php\/wp-json\/wp\/v2\/media\/700"}],"wp:attachment":[{"href":"https:\/\/veloplast.com.br\/index.php\/wp-json\/wp\/v2\/media?parent=894"}],"wp:term":[{"taxonomy":"product_brand","embeddable":true,"href":"https:\/\/veloplast.com.br\/index.php\/wp-json\/wp\/v2\/product_brand?post=894"},{"taxonomy":"product_cat","embeddable":true,"href":"https:\/\/veloplast.com.br\/index.php\/wp-json\/wp\/v2\/product_cat?post=894"},{"taxonomy":"product_tag","embeddable":true,"href":"https:\/\/veloplast.com.br\/index.php\/wp-json\/wp\/v2\/product_tag?post=894"}],"curies":[{"name":"wp","href":"https:\/\/api.w.org\/{rel}","templated":true}]}}