{"id":908,"date":"2024-12-09T17:28:29","date_gmt":"2024-12-09T20:28:29","guid":{"rendered":"https:\/\/veloplast.com.br\/?post_type=product&#038;p=908"},"modified":"2025-01-31T14:21:41","modified_gmt":"2025-01-31T17:21:41","slug":"pallet-contencao-para-ibc","status":"publish","type":"product","link":"https:\/\/veloplast.com.br\/index.php\/produto\/pallet-contencao-para-ibc\/","title":{"rendered":"Pallet Conten\u00e7\u00e3o para IBC"},"content":{"rendered":"<h3>Pallet Conten\u00e7\u00e3o para IBC 1000L<\/h3>\n<p style=\"text-align: left;\"><strong>\u00a0\u00a0\u00a0\u00a0\u00a0\u00a0\u00a0\u00a0\u00a0\u00a0Descri\u00e7\u00e3o\u00a0 \u00a0 <\/strong><strong>\u00a0 \u00a0 \u00a0 \u00a0 \u00a0 \u00a0 \u00a0 \u00a0 \u00a0 \u00a0 \u00a0 \u00a0 \u00a0 \u00a0 \u00a0 \u00a0 \u00a0 \u00a0 \u00a0 \u00a0 \u00a0 \u00a0 \u00a0 \u00a0 \u00a0 \u00a0 \u00a0 \u00a0 \u00a0 \u00a0 \u00a0 \u00a0 \u00a0 \u00a0 \u00a0 \u00a0 \u00a0 \u00a0 \u00a0 \u00a0 \u00a0 \u00a0 \u00a0 \u00a0 \u00a0 \u00a0 \u00a0 \u00a0\u00a0<\/strong><\/p>\n<ul>\n<li><span style=\"font-weight: 400;\">Acomoda 4 tambores de 200 a 250 Litros ou 1 tanque IBC de 1000L\u00a0 \u00a0 \u00a0 \u00a0 \u00a0 \u00a0 \u00a0 \u00a0 \u00a0 \u00a0 \u00a0 \u00a0 \u00a0 \u00a0 \u00a0 \u00a0 \u00a0 \u00a0 \u00a0 \u00a0 \u00a0 \u00a0 \u00a0 \u00a0 \u00a0 \u00a0 \u00a0 \u00a0 \u00a0 \u00a0 \u00a0 \u00a0 \u00a0 \u00a0 \u00a0 \u00a0 \u00a0 \u00a0 \u00a0 \u00a0 \u00a0 \u00a0 \u00a0 \u00a0 \u00a0 \u00a0 \u00a0 \u00a0 \u00a0 \u00a0 \u00a0 \u00a0 \u00a0 \u00a0 \u00a0 \u00a0 \u00a0 \u00a0 \u00a0 \u00a0 \u00a0 \u00a0 \u00a0 \u00a0 \u00a0 \u00a0 \u00a0 \u00a0 \u00a0 \u00a0 \u00a0 \u00a0 \u00a0 \u00a0 \u00a0 \u00a0 \u00a0<\/span><\/li>\n<li style=\"font-weight: 400;\" aria-level=\"1\"><span style=\"font-weight: 400;\">Pallet lav\u00e1vel\u00a0 \u00a0 \u00a0 \u00a0 \u00a0 \u00a0 \u00a0 \u00a0 \u00a0 \u00a0 \u00a0 \u00a0 \u00a0 \u00a0 \u00a0 \u00a0 \u00a0 \u00a0 \u00a0 \u00a0 \u00a0 \u00a0 \u00a0 \u00a0 \u00a0 \u00a0 \u00a0 \u00a0 \u00a0 \u00a0 \u00a0 \u00a0 \u00a0 \u00a0 \u00a0 \u00a0 \u00a0 \u00a0 \u00a0 \u00a0 \u00a0 \u00a0 \u00a0 \u00a0 \u00a0 \u00a0 \u00a0 \u00a0 \u00a0 \u00a0 \u00a0 \u00a0 \u00a0 \u00a0 \u00a0 \u00a0 \u00a0 \u00a0 \u00a0 \u00a0 \u00a0 \u00a0 \u00a0 \u00a0 \u00a0 \u00a0 \u00a0 \u00a0 \u00a0 \u00a0 \u00a0 \u00a0 \u00a0 \u00a0 \u00a0 \u00a0 \u00a0 \u00a0 \u00a0 \u00a0 \u00a0 \u00a0 \u00a0 \u00a0 \u00a0 \u00a0 \u00a0 \u00a0 \u00a0 \u00a0\u00a0<\/span><\/li>\n<li style=\"font-weight: 400;\" aria-level=\"1\"><span style=\"font-weight: 400;\">Produto recicl\u00e1vel\u00a0 \u00a0 \u00a0 \u00a0 \u00a0 \u00a0 \u00a0 \u00a0 \u00a0 \u00a0 \u00a0 \u00a0 \u00a0 \u00a0 \u00a0 \u00a0 \u00a0 \u00a0 \u00a0 \u00a0 \u00a0 \u00a0 \u00a0 \u00a0 \u00a0 \u00a0 \u00a0 \u00a0 \u00a0 \u00a0 \u00a0 \u00a0 \u00a0 \u00a0 \u00a0 \u00a0 \u00a0 \u00a0 \u00a0 \u00a0 \u00a0 \u00a0 \u00a0 \u00a0 \u00a0 \u00a0 \u00a0 \u00a0 \u00a0 \u00a0 \u00a0 \u00a0 \u00a0 \u00a0<\/span><\/li>\n<li style=\"font-weight: 400;\" aria-level=\"1\"><span style=\"font-weight: 400;\">Movimenta\u00e7\u00e3o: Paleteira ou Empilhadeira <\/span><span style=\"font-weight: 400;\">\u00a0 \u00a0 \u00a0 \u00a0 \u00a0 \u00a0 \u00a0 \u00a0 \u00a0 \u00a0 \u00a0 \u00a0 \u00a0 \u00a0 \u00a0 \u00a0 \u00a0 \u00a0 \u00a0 \u00a0 \u00a0 \u00a0 \u00a0 \u00a0 \u00a0 \u00a0 \u00a0 \u00a0<\/span><\/li>\n<\/ul>\n<p>&nbsp;<\/p>\n<p style=\"text-align: left; padding-left: 40px;\"><b>Informa\u00e7\u00f5es T\u00e9cnicas\u00a0<\/b><\/p>\n<ul>\n<li><span style=\"font-weight: 400;\">Medidas: 140x200x63 cm (Larg x Comp x Alt)<\/span><\/li>\n<li><span style=\"font-weight: 400;\">Peso da unidade: 73 kg<\/span><\/li>\n<li><span style=\"font-weight: 400;\">Capacidade est\u00e1tica: 1300 kg (Pallet parado no ch\u00e3o)\u00a0<\/span><\/li>\n<li><span style=\"font-weight: 400;\">Capacidade din\u00e2mica: 1300 kg (Pallet movimentado)\u00a0\u00a0<\/span><\/li>\n<li>Cont\u00e9m 1000 Litros de Vazamento<\/li>\n<li>Cores: Amarelo ou Laranja<\/li>\n<\/ul>\n<h6 style=\"color: white;\">Pallet de conten\u00e7\u00e3o, contenc\u00e3o pl\u00e1stica, palete de conten\u00e7\u00e3o, pallet conten\u00e7\u00e3o, conten\u00e7\u00e3o, bacia contentora, conten\u00e7\u00e3o produtos quimicos, valor pallet conten\u00e7\u00e3o, palete conten\u00e7\u00e3o valor, conten\u00e7\u00e3o tambores de oleo, tambor de oleo, pallet de conten\u00e7\u00e3o para tambores, pallet de conten\u00e7\u00e3o ibc, ibc, palete conten\u00e7\u00e3o ibc, pallet 4 tambores, quanto custa pallet conten\u00e7\u00e3o, valor pallet conten\u00e7\u00e3o, conten\u00e7\u00e3o produtos quimicos, palete, palete pl\u00e1stico, pallet conten\u00e7\u00e3o 2 tambores, pallet conten\u00e7\u00e3o 1 tambor, conten\u00e7\u00e3o litros, pallet conten\u00e7\u00e3o 4 tambores, palete conten\u00e7\u00e3o liquidos quimicos, pallet pl\u00e1stico, palete, palet, PALETES DE PLASTICOS, <\/h6>\n","protected":false},"excerpt":{"rendered":"<p>Pallet Conten\u00e7\u00e3o IBC Novo<\/p>\n","protected":false},"featured_media":722,"comment_status":"open","ping_status":"closed","template":"","meta":[],"product_brand":[],"product_cat":[85],"product_tag":[118,117],"class_list":{"0":"post-908","1":"product","2":"type-product","3":"status-publish","4":"has-post-thumbnail","6":"product_cat-pallets-de-contencao","7":"product_tag-ibc","8":"product_tag-pallet-contencao-ibc","10":"first","11":"instock","12":"shipping-taxable","13":"product-type-simple"},"_links":{"self":[{"href":"https:\/\/veloplast.com.br\/index.php\/wp-json\/wp\/v2\/product\/908","targetHints":{"allow":["GET"]}}],"collection":[{"href":"https:\/\/veloplast.com.br\/index.php\/wp-json\/wp\/v2\/product"}],"about":[{"href":"https:\/\/veloplast.com.br\/index.php\/wp-json\/wp\/v2\/types\/product"}],"replies":[{"embeddable":true,"href":"https:\/\/veloplast.com.br\/index.php\/wp-json\/wp\/v2\/comments?post=908"}],"version-history":[{"count":2,"href":"https:\/\/veloplast.com.br\/index.php\/wp-json\/wp\/v2\/product\/908\/revisions"}],"predecessor-version":[{"id":1214,"href":"https:\/\/veloplast.com.br\/index.php\/wp-json\/wp\/v2\/product\/908\/revisions\/1214"}],"wp:featuredmedia":[{"embeddable":true,"href":"https:\/\/veloplast.com.br\/index.php\/wp-json\/wp\/v2\/media\/722"}],"wp:attachment":[{"href":"https:\/\/veloplast.com.br\/index.php\/wp-json\/wp\/v2\/media?parent=908"}],"wp:term":[{"taxonomy":"product_brand","embeddable":true,"href":"https:\/\/veloplast.com.br\/index.php\/wp-json\/wp\/v2\/product_brand?post=908"},{"taxonomy":"product_cat","embeddable":true,"href":"https:\/\/veloplast.com.br\/index.php\/wp-json\/wp\/v2\/product_cat?post=908"},{"taxonomy":"product_tag","embeddable":true,"href":"https:\/\/veloplast.com.br\/index.php\/wp-json\/wp\/v2\/product_tag?post=908"}],"curies":[{"name":"wp","href":"https:\/\/api.w.org\/{rel}","templated":true}]}}