{"id":912,"date":"2024-12-09T17:36:31","date_gmt":"2024-12-09T20:36:31","guid":{"rendered":"https:\/\/veloplast.com.br\/?post_type=product&#038;p=912"},"modified":"2025-01-31T14:11:41","modified_gmt":"2025-01-31T17:11:41","slug":"pallet-encaixavel-100x120x14-2","status":"publish","type":"product","link":"https:\/\/veloplast.com.br\/index.php\/produto\/pallet-encaixavel-100x120x14-2\/","title":{"rendered":"Pallet Encaix\u00e1vel 100x120x14"},"content":{"rendered":"<h3>Pallet Pl\u00e1stico Encaix\u00e1vel 100x120x14 Novo<\/h3>\n<p style=\"text-align: left;\"><strong>\u00a0\u00a0\u00a0\u00a0\u00a0\u00a0\u00a0\u00a0\u00a0\u00a0Descri\u00e7\u00e3o\u00a0 \u00a0 \u00a0 \u00a0 \u00a0 \u00a0 \u00a0 \u00a0 \u00a0 \u00a0 \u00a0 \u00a0 \u00a0 \u00a0 \u00a0 \u00a0 \u00a0 \u00a0 \u00a0 \u00a0 \u00a0 \u00a0 \u00a0 \u00a0 \u00a0 \u00a0 \u00a0 \u00a0 \u00a0 \u00a0 \u00a0 \u00a0 \u00a0 \u00a0 \u00a0 \u00a0 \u00a0 \u00a0 \u00a0 \u00a0 \u00a0 \u00a0 \u00a0 \u00a0 \u00a0 \u00a0 \u00a0 \u00a0 \u00a0 \u00a0 \u00a0<\/strong><\/p>\n<ul>\n<li><span style=\"font-weight: 400;\">Pallet aberto ( 4 entradas abertas )\u00a0 \u00a0 \u00a0 \u00a0 \u00a0 \u00a0 \u00a0 \u00a0 \u00a0 \u00a0 \u00a0 \u00a0 \u00a0 \u00a0 \u00a0 \u00a0 \u00a0 \u00a0 \u00a0 \u00a0 \u00a0 \u00a0 \u00a0 \u00a0 \u00a0 \u00a0 \u00a0 \u00a0 \u00a0 \u00a0 \u00a0 \u00a0 \u00a0 \u00a0 \u00a0 \u00a0 \u00a0 \u00a0 \u00a0 \u00a0 \u00a0 \u00a0 \u00a0 \u00a0 \u00a0 \u00a0 \u00a0 \u00a0 \u00a0 \u00a0 \u00a0 \u00a0\u00a0<\/span><\/li>\n<li><span style=\"font-weight: 400;\">Utiliza\u00e7\u00e3o somente no ch\u00e3o\u00a0 <\/span><\/li>\n<li><span style=\"font-weight: 400;\">Pallet Encaix\u00e1vel\u00a0 \u00a0 \u00a0 \u00a0 \u00a0 \u00a0 \u00a0 \u00a0 \u00a0 \u00a0 \u00a0 \u00a0 \u00a0 \u00a0 \u00a0 \u00a0 \u00a0 \u00a0 \u00a0 \u00a0 \u00a0 \u00a0 \u00a0 \u00a0 \u00a0 \u00a0 \u00a0 \u00a0 \u00a0 \u00a0 \u00a0 \u00a0 \u00a0 \u00a0 \u00a0 \u00a0 \u00a0 \u00a0 \u00a0 \u00a0 \u00a0 \u00a0 \u00a0 \u00a0 \u00a0 \u00a0 \u00a0 \u00a0 \u00a0 \u00a0 \u00a0 \u00a0 \u00a0 \u00a0 \u00a0 \u00a0 \u00a0 \u00a0 \u00a0 \u00a0 \u00a0 \u00a0 \u00a0 \u00a0 \u00a0 \u00a0 \u00a0 \u00a0 \u00a0 \u00a0 \u00a0 \u00a0 \u00a0 \u00a0 \u00a0 \u00a0 \u00a0 \u00a0 \u00a0<\/span><\/li>\n<li style=\"font-weight: 400;\" aria-level=\"1\"><span style=\"font-weight: 400;\">Pallet lav\u00e1vel\u00a0 \u00a0 \u00a0 \u00a0 \u00a0 \u00a0 \u00a0 \u00a0 \u00a0 \u00a0 \u00a0 \u00a0 \u00a0 \u00a0 \u00a0 \u00a0 \u00a0 \u00a0 \u00a0 \u00a0 \u00a0 \u00a0 \u00a0 \u00a0 \u00a0 \u00a0 \u00a0 \u00a0 \u00a0 \u00a0 \u00a0 \u00a0 \u00a0 \u00a0 \u00a0 \u00a0 \u00a0 \u00a0 \u00a0 \u00a0 \u00a0 \u00a0 \u00a0 \u00a0 \u00a0 \u00a0 \u00a0 \u00a0 \u00a0 \u00a0 \u00a0 \u00a0 \u00a0 \u00a0 \u00a0 \u00a0 \u00a0 \u00a0 \u00a0 \u00a0 \u00a0 \u00a0 \u00a0 \u00a0 \u00a0 \u00a0 \u00a0 \u00a0 \u00a0 \u00a0 \u00a0 \u00a0 \u00a0 \u00a0 \u00a0 \u00a0 \u00a0 \u00a0 \u00a0 \u00a0 \u00a0 \u00a0 \u00a0 \u00a0 \u00a0 \u00a0 \u00a0 \u00a0 \u00a0 \u00a0\u00a0<\/span><\/li>\n<li style=\"font-weight: 400;\" aria-level=\"1\"><span style=\"font-weight: 400;\">Produto recicl\u00e1vel\u00a0 \u00a0 \u00a0 \u00a0 \u00a0 \u00a0 \u00a0 \u00a0 \u00a0 \u00a0 \u00a0 \u00a0 \u00a0 \u00a0 \u00a0 \u00a0 \u00a0 \u00a0 \u00a0 \u00a0 \u00a0 \u00a0 \u00a0 \u00a0 \u00a0 \u00a0 \u00a0 \u00a0 \u00a0 \u00a0 \u00a0 \u00a0 \u00a0 \u00a0 \u00a0 \u00a0 \u00a0 \u00a0 \u00a0 \u00a0 \u00a0 \u00a0 \u00a0 \u00a0 \u00a0 \u00a0 \u00a0 \u00a0 \u00a0 \u00a0 \u00a0 \u00a0 \u00a0 \u00a0<\/span><\/li>\n<li style=\"font-weight: 400;\" aria-level=\"1\"><span style=\"font-weight: 400;\">Movimenta\u00e7\u00e3o: Paleteira ou Empilhadeira com ou sem patola\u00a0 <\/span><span style=\"font-weight: 400;\">\u00a0 \u00a0 \u00a0 \u00a0 \u00a0 \u00a0 \u00a0 \u00a0 \u00a0 \u00a0 \u00a0 \u00a0 \u00a0 \u00a0 \u00a0 \u00a0 \u00a0 \u00a0 \u00a0 \u00a0 \u00a0 \u00a0 \u00a0 \u00a0 \u00a0 \u00a0 \u00a0 \u00a0<\/span><\/li>\n<\/ul>\n<p>&nbsp;<\/p>\n<p style=\"text-align: left; padding-left: 40px;\"><b>Informa\u00e7\u00f5es T\u00e9cnicas\u00a0<\/b><\/p>\n<ul>\n<li><span style=\"font-weight: 400;\">Medidas: 100x120x14 cm (Larg x Comp x Alt)<\/span><\/li>\n<li><span style=\"font-weight: 400;\">Peso da unidade: 9 kg<\/span><\/li>\n<li><span style=\"font-weight: 400;\">Capacidade est\u00e1tica: 2500 kg (Pallet parado no ch\u00e3o)\u00a0<\/span><\/li>\n<li><span style=\"font-weight: 400;\">Capacidade din\u00e2mica: 1000 kg (Pallet movimentado)\u00a0\u00a0<\/span><\/li>\n<li>Cores: Preto, Branco ou Azul<\/li>\n<\/ul>\n<h6 style=\"color: white;\">Pallet, palete, palete pl\u00e1stico, piso pallet, pallet pl\u00e1stico, palete, palet, PALETES DE PLASTICOS, ESTRADOS PALLETS LEVES, estrado plastico<br \/>\nestrados plasticos, pallets de plastico, pallet plastico, industria de plasticos, pallets pl\u00e1sticos, palete pl\u00e1stico, pallet de pl\u00e1stico pre\u00e7o, Piso de pl\u00e1stico para academias, Estrados pl\u00e1sticos pead, estrado plastico para camara frigorifica, paletes de pl\u00e1stico pre\u00e7o, estrados plasticos para camara fria, venda de pallets de plastico<br \/>\npallets de plastico para camara fria, pre\u00e7o pallet plastico, estrado multi, piso plastico para piscina, venda de pallets de plastico, f\u00e1brica de pallets de plastico, estrado pl\u00e1stico 50&#215;50 pre\u00e7o, estrado de pl\u00e1stico gradeado, estrado de pl\u00e1stico liso, Pallet de pl\u00e1stico para alimentos, Pallet de pl\u00e1stico para c\u00e2mara fria, Pallet de pl\u00e1stico para exporta\u00e7\u00e3o, Pallet de pl\u00e1stico para frigor\u00edfico, Pallet de pl\u00e1stico para ind\u00fastria, Pallet de pl\u00e1stico para ind\u00fastria de alimentos, Pallet de pl\u00e1stico para supermercado, Pallet de pl\u00e1stico para transporte, estrado pl\u00e1stico em sp, Piso de pl\u00e1stico para vesti\u00e1rios, estrado pl\u00e1stico modular pre\u00e7o, Estrado de pl\u00e1stico 40 x 40, pallet plastico 50&#215;50, estrado de plastico para banheiro, Pallet de pl\u00e1stico valor, Estrado pl\u00e1stico industrial, Estrado para c\u00e2maras frias, pisos plasticos, pisos plasticos modulares<\/h6>\n","protected":false},"excerpt":{"rendered":"<p>Pallet Encaix\u00e1vel 100x120x14 Novo<\/p>\n","protected":false},"featured_media":914,"comment_status":"open","ping_status":"closed","template":"","meta":[],"product_brand":[],"product_cat":[84],"product_tag":[120,122,87,119,90,121,78],"class_list":{"0":"post-912","1":"product","2":"type-product","3":"status-publish","4":"has-post-thumbnail","6":"product_cat-pallets-novos","7":"product_tag-palete-100x120","8":"product_tag-palete-encaixavel","9":"product_tag-palete-plastico","10":"product_tag-pallet-100x120","11":"product_tag-pallet-encaixavel","12":"product_tag-pallet-pbr","13":"product_tag-pallet-plastico","15":"first","16":"instock","17":"shipping-taxable","18":"product-type-simple"},"_links":{"self":[{"href":"https:\/\/veloplast.com.br\/index.php\/wp-json\/wp\/v2\/product\/912","targetHints":{"allow":["GET"]}}],"collection":[{"href":"https:\/\/veloplast.com.br\/index.php\/wp-json\/wp\/v2\/product"}],"about":[{"href":"https:\/\/veloplast.com.br\/index.php\/wp-json\/wp\/v2\/types\/product"}],"replies":[{"embeddable":true,"href":"https:\/\/veloplast.com.br\/index.php\/wp-json\/wp\/v2\/comments?post=912"}],"version-history":[{"count":3,"href":"https:\/\/veloplast.com.br\/index.php\/wp-json\/wp\/v2\/product\/912\/revisions"}],"predecessor-version":[{"id":1201,"href":"https:\/\/veloplast.com.br\/index.php\/wp-json\/wp\/v2\/product\/912\/revisions\/1201"}],"wp:featuredmedia":[{"embeddable":true,"href":"https:\/\/veloplast.com.br\/index.php\/wp-json\/wp\/v2\/media\/914"}],"wp:attachment":[{"href":"https:\/\/veloplast.com.br\/index.php\/wp-json\/wp\/v2\/media?parent=912"}],"wp:term":[{"taxonomy":"product_brand","embeddable":true,"href":"https:\/\/veloplast.com.br\/index.php\/wp-json\/wp\/v2\/product_brand?post=912"},{"taxonomy":"product_cat","embeddable":true,"href":"https:\/\/veloplast.com.br\/index.php\/wp-json\/wp\/v2\/product_cat?post=912"},{"taxonomy":"product_tag","embeddable":true,"href":"https:\/\/veloplast.com.br\/index.php\/wp-json\/wp\/v2\/product_tag?post=912"}],"curies":[{"name":"wp","href":"https:\/\/api.w.org\/{rel}","templated":true}]}}