{"id":921,"date":"2024-12-09T17:44:58","date_gmt":"2024-12-09T20:44:58","guid":{"rendered":"https:\/\/veloplast.com.br\/?post_type=product&#038;p=921"},"modified":"2025-01-31T14:09:45","modified_gmt":"2025-01-31T17:09:45","slug":"pallet-100x120x16-liso","status":"publish","type":"product","link":"https:\/\/veloplast.com.br\/index.php\/produto\/pallet-100x120x16-liso\/","title":{"rendered":"Pallet 100x120x16 Liso"},"content":{"rendered":"<h3>Pallet Pl\u00e1stico Liso 100x120x16 Novo<\/h3>\n<p style=\"text-align: left;\"><strong>\u00a0\u00a0\u00a0\u00a0\u00a0\u00a0\u00a0\u00a0\u00a0\u00a0Descri\u00e7\u00e3o\u00a0 \u00a0 \u00a0 \u00a0 \u00a0 \u00a0 \u00a0 \u00a0 \u00a0 \u00a0 \u00a0 \u00a0 \u00a0 \u00a0 \u00a0 \u00a0 \u00a0 \u00a0 \u00a0 \u00a0 \u00a0 \u00a0 \u00a0 \u00a0 \u00a0 \u00a0 \u00a0 \u00a0 \u00a0 \u00a0 \u00a0 \u00a0 \u00a0 \u00a0 \u00a0 \u00a0 \u00a0 \u00a0 \u00a0 \u00a0 \u00a0 \u00a0 \u00a0 \u00a0 \u00a0 \u00a0 \u00a0 \u00a0 \u00a0 \u00a0 \u00a0<\/strong><\/p>\n<ul>\n<li><span style=\"font-weight: 400;\">Pallet aberto ( 2 entradas abertas + 2 Entradas Travadas )\u00a0 \u00a0 \u00a0 \u00a0 \u00a0 \u00a0 \u00a0 \u00a0 \u00a0 \u00a0 \u00a0 \u00a0 \u00a0 \u00a0 \u00a0 \u00a0 \u00a0 \u00a0 \u00a0 \u00a0 \u00a0 \u00a0 \u00a0 \u00a0 \u00a0 \u00a0 \u00a0 \u00a0 \u00a0 \u00a0 \u00a0 \u00a0 \u00a0 \u00a0 \u00a0 \u00a0 \u00a0 \u00a0 \u00a0 \u00a0 \u00a0 \u00a0 \u00a0 \u00a0 \u00a0 \u00a0 \u00a0 \u00a0 \u00a0 \u00a0 \u00a0 \u00a0\u00a0<\/span><\/li>\n<li><span style=\"font-weight: 400;\">Utiliza\u00e7\u00e3o no ch\u00e3o ou porta pallet<\/span><\/li>\n<li style=\"font-weight: 400;\" aria-level=\"1\"><span style=\"font-weight: 400;\">Pallet lav\u00e1vel\u00a0 \u00a0 \u00a0 \u00a0 \u00a0 \u00a0 \u00a0 \u00a0 \u00a0 \u00a0 \u00a0 \u00a0 \u00a0 \u00a0 \u00a0 \u00a0 \u00a0 \u00a0 \u00a0 \u00a0 \u00a0 \u00a0 \u00a0 \u00a0 \u00a0 \u00a0 \u00a0 \u00a0 \u00a0 \u00a0 \u00a0 \u00a0 \u00a0 \u00a0 \u00a0 \u00a0 \u00a0 \u00a0 \u00a0 \u00a0 \u00a0 \u00a0 \u00a0 \u00a0 \u00a0 \u00a0 \u00a0 \u00a0 \u00a0 \u00a0 \u00a0 \u00a0 \u00a0 \u00a0 \u00a0 \u00a0 \u00a0 \u00a0 \u00a0 \u00a0 \u00a0 \u00a0 \u00a0 \u00a0 \u00a0 \u00a0 \u00a0 \u00a0 \u00a0 \u00a0 \u00a0 \u00a0 \u00a0 \u00a0 \u00a0 \u00a0 \u00a0 \u00a0 \u00a0 \u00a0 \u00a0 \u00a0 \u00a0 \u00a0 \u00a0 \u00a0 \u00a0 \u00a0 \u00a0 \u00a0\u00a0<\/span><\/li>\n<li style=\"font-weight: 400;\" aria-level=\"1\"><span style=\"font-weight: 400;\">Produto recicl\u00e1vel\u00a0 \u00a0 \u00a0 \u00a0 \u00a0 \u00a0 \u00a0 \u00a0 \u00a0 \u00a0 \u00a0 \u00a0 \u00a0 \u00a0 \u00a0 \u00a0 \u00a0 \u00a0 \u00a0 \u00a0 \u00a0 \u00a0 \u00a0 \u00a0 \u00a0 \u00a0 \u00a0 \u00a0 \u00a0 \u00a0 \u00a0 \u00a0 \u00a0 \u00a0 \u00a0 \u00a0 \u00a0 \u00a0 \u00a0 \u00a0 \u00a0 \u00a0 \u00a0 \u00a0 \u00a0 \u00a0 \u00a0 \u00a0 \u00a0 \u00a0 \u00a0 \u00a0 \u00a0 \u00a0<\/span><\/li>\n<li style=\"font-weight: 400;\" aria-level=\"1\"><span style=\"font-weight: 400;\">Movimenta\u00e7\u00e3o: Paleteira ou Empilhadeira com ou sem patola\u00a0 <\/span><span style=\"font-weight: 400;\">\u00a0 \u00a0 \u00a0 \u00a0 \u00a0 \u00a0 \u00a0 \u00a0 \u00a0 \u00a0 \u00a0 \u00a0 \u00a0 \u00a0 \u00a0 \u00a0 \u00a0 \u00a0 \u00a0 \u00a0 \u00a0 \u00a0 \u00a0 \u00a0 \u00a0 \u00a0 \u00a0 \u00a0<\/span><\/li>\n<\/ul>\n<p>&nbsp;<\/p>\n<p style=\"text-align: left; padding-left: 40px;\"><b>Informa\u00e7\u00f5es T\u00e9cnicas\u00a0<\/b><\/p>\n<ul>\n<li><span style=\"font-weight: 400;\">Medidas: 100x120x16 cm (Larg x Comp x Alt)<\/span><\/li>\n<li><span style=\"font-weight: 400;\">Peso da unidade: 17 kg<\/span><\/li>\n<li><span style=\"font-weight: 400;\">Capacidade est\u00e1tica: 7500 kg (Pallet parado no ch\u00e3o)\u00a0<\/span><\/li>\n<li><span style=\"font-weight: 400;\">Capacidade din\u00e2mica: 2500 kg (Pallet movimentado)\u00a0\u00a0<\/span><\/li>\n<li>Capacidade no Porta Pallet: 1000 kg<\/li>\n<li>Cores: Preto ou Branco<\/li>\n<\/ul>\n<p>&nbsp;<\/p>\n<h6 style=\"color: white;\">Pallet, palete, palete pl\u00e1stico, piso pallet, pallet pl\u00e1stico, palete, palet, PALETES DE PLASTICOS, ESTRADOS PALLETS LEVES, estrado plastico<br \/>\nestrados plasticos, pallets de plastico, pallet plastico, industria de plasticos, pallets pl\u00e1sticos, palete pl\u00e1stico, pallet de pl\u00e1stico pre\u00e7o, Piso de pl\u00e1stico para academias, Estrados pl\u00e1sticos pead, estrado plastico para camara frigorifica, paletes de pl\u00e1stico pre\u00e7o, estrados plasticos para camara fria, venda de pallets de plastico<br \/>\npallets de plastico para camara fria, pre\u00e7o pallet plastico, estrado multi, piso plastico para piscina, venda de pallets de plastico, f\u00e1brica de pallets de plastico, estrado pl\u00e1stico 50&#215;50 pre\u00e7o, estrado de pl\u00e1stico gradeado, estrado de pl\u00e1stico liso, Pallet de pl\u00e1stico para alimentos, Pallet de pl\u00e1stico para c\u00e2mara fria, Pallet de pl\u00e1stico para exporta\u00e7\u00e3o, Pallet de pl\u00e1stico para frigor\u00edfico, Pallet de pl\u00e1stico para ind\u00fastria, Pallet de pl\u00e1stico para ind\u00fastria de alimentos, Pallet de pl\u00e1stico para supermercado, Pallet de pl\u00e1stico para transporte, estrado pl\u00e1stico em sp, Piso de pl\u00e1stico para vesti\u00e1rios, estrado pl\u00e1stico modular pre\u00e7o, Estrado de pl\u00e1stico 40 x 40, pallet plastico 50&#215;50, estrado de plastico para banheiro, Pallet de pl\u00e1stico valor, Estrado pl\u00e1stico industrial, Estrado para c\u00e2maras frias, pisos plasticos, pisos plasticos modulares<\/h6>\n","protected":false},"excerpt":{"rendered":"<p>Pallet 100x120x16 Liso Novo<\/p>\n","protected":false},"featured_media":926,"comment_status":"open","ping_status":"closed","template":"","meta":[],"product_brand":[],"product_cat":[84],"product_tag":[120,123,87,119,121,78],"class_list":{"0":"post-921","1":"product","2":"type-product","3":"status-publish","4":"has-post-thumbnail","6":"product_cat-pallets-novos","7":"product_tag-palete-100x120","8":"product_tag-palete-pbr","9":"product_tag-palete-plastico","10":"product_tag-pallet-100x120","11":"product_tag-pallet-pbr","12":"product_tag-pallet-plastico","14":"first","15":"instock","16":"shipping-taxable","17":"product-type-simple"},"_links":{"self":[{"href":"https:\/\/veloplast.com.br\/index.php\/wp-json\/wp\/v2\/product\/921","targetHints":{"allow":["GET"]}}],"collection":[{"href":"https:\/\/veloplast.com.br\/index.php\/wp-json\/wp\/v2\/product"}],"about":[{"href":"https:\/\/veloplast.com.br\/index.php\/wp-json\/wp\/v2\/types\/product"}],"replies":[{"embeddable":true,"href":"https:\/\/veloplast.com.br\/index.php\/wp-json\/wp\/v2\/comments?post=921"}],"version-history":[{"count":3,"href":"https:\/\/veloplast.com.br\/index.php\/wp-json\/wp\/v2\/product\/921\/revisions"}],"predecessor-version":[{"id":1195,"href":"https:\/\/veloplast.com.br\/index.php\/wp-json\/wp\/v2\/product\/921\/revisions\/1195"}],"wp:featuredmedia":[{"embeddable":true,"href":"https:\/\/veloplast.com.br\/index.php\/wp-json\/wp\/v2\/media\/926"}],"wp:attachment":[{"href":"https:\/\/veloplast.com.br\/index.php\/wp-json\/wp\/v2\/media?parent=921"}],"wp:term":[{"taxonomy":"product_brand","embeddable":true,"href":"https:\/\/veloplast.com.br\/index.php\/wp-json\/wp\/v2\/product_brand?post=921"},{"taxonomy":"product_cat","embeddable":true,"href":"https:\/\/veloplast.com.br\/index.php\/wp-json\/wp\/v2\/product_cat?post=921"},{"taxonomy":"product_tag","embeddable":true,"href":"https:\/\/veloplast.com.br\/index.php\/wp-json\/wp\/v2\/product_tag?post=921"}],"curies":[{"name":"wp","href":"https:\/\/api.w.org\/{rel}","templated":true}]}}